{"id":366,"date":"2015-10-15T17:00:01","date_gmt":"2015-10-15T17:00:01","guid":{"rendered":"http:\/\/franciscanosdemaria.org\/?page_id=366"},"modified":"2017-06-27T15:56:56","modified_gmt":"2017-06-27T15:56:56","slug":"politica-de-privacidad","status":"publish","type":"page","link":"https:\/\/franciscanosdemaria.org\/es\/politica-de-privacidad\/","title":{"rendered":"Pol\u00edtica de Privacidad"},"content":{"rendered":"<p style=\"text-align: justify;\">Las presentes Condiciones regulan el acceso y utilizaci\u00f3n del sitio web <a class=\"mail\" href=\"http:\/\/www.franciscanosdemaria.org\/www.franciscanosdemaria.org\">www.franciscanosdemaria.org<\/a> (en adelante &#8220;la P\u00e1gina Web&#8221;), del que es titular la Asociaci\u00f3n Privada de Fieles Franciscanos de Mar\u00eda (en adelante, &#8220;FRANCISCANOS DE MAR\u00cdA&#8221;), Entidad Religiosa con CIF G80654742 y domicilio en Avenida de Machupichu, 50, 28043 Madrid, inscrita en el Registro de Entidades Religiosas con el n\u00famero 3165 \u2013 SE\/C del Ministerio de Justicia.<\/p>\n<p style=\"text-align: justify;\"><strong>UTILIZACI\u00d3N DE LA P\u00c1GINA WEB<\/strong><\/p>\n<p style=\"text-align: justify;\"><strong>FRANCISCANOS DE MAR\u00cdA<\/strong> informa a los usuarios que accedan o usen los servicios, aplicaciones, herramientas y, en general, contenidos incluidos en esta P\u00e1gina Web de las Condiciones Generales aplicables al acceso y navegaci\u00f3n por la misma.<\/p>\n<p style=\"text-align: justify;\">Por la mera navegaci\u00f3n y\/o utilizaci\u00f3n de la P\u00e1gina Web, usted adquiere la condici\u00f3n de Usuario de la misma. La navegaci\u00f3n y\/o utilizaci\u00f3n de la P\u00e1gina Web as\u00ed como la adquisici\u00f3n de cualesquiera de los productos de la tienda On-line, significan su aceptaci\u00f3n como Usuario de todas y cada una de las Condiciones, as\u00ed como de las Condiciones Generales de Venta que rigen la adquisici\u00f3n de los productos.<\/p>\n<p style=\"text-align: justify;\"><strong>FRANCISCANOS DE MAR\u00cdA<\/strong> podr\u00e1, en cualquier momento y sin previo aviso, modificar la presentaci\u00f3n y configuraci\u00f3n de la P\u00e1gina Web, as\u00ed como las presentes Condiciones. Dichas modificaciones ser\u00e1n publicadas en la P\u00e1gina Web de forma que el Usuario pueda conocerlas antes de proceder a su utilizaci\u00f3n.<\/p>\n<p style=\"text-align: justify;\"><strong>FRANCISCANOS DE MAR\u00cdA<\/strong> podr\u00e1 denegar o retirar en cualquier momento y sin necesidad de aviso previo, el acceso a la P\u00e1gina Web a aquellos Usuarios que incumplan lo establecido en las presentes Condiciones, la ley, las costumbres o el orden p\u00fablico.<\/p>\n<p style=\"text-align: justify;\"><strong>USUARIOS REGISTRADOS<\/strong><\/p>\n<p style=\"text-align: justify;\">Por el uso de la P\u00e1gina Web, usted manifiesta y garantiza que es mayor de dieciocho a\u00f1os. Para hacer uso de la P\u00e1gina Web los menores de edad deben obtener previamente permiso de sus padres, tutores o representantes legales, quienes ser\u00e1n considerados responsables de todos los actos realizados por los menores a su cargo.<\/p>\n<p style=\"text-align: justify;\"><strong>FRANCISCANOS DE MAR\u00cdA<\/strong> podr\u00e1 denegar o retirar en cualquier momento y sin necesidad de aviso previo, el acceso a la P\u00e1gina Web a aquellos usuarios que contravengan lo establecido en las presentes condiciones de uso, en la ley, las costumbres o el orden p\u00fablico.<\/p>\n<p style=\"text-align: justify;\"><strong>POL\u00cdTICA DE PROTECCI\u00d3N DE DATOS DE CAR\u00c1CTER PERSONAL.<\/strong><\/p>\n<p style=\"text-align: justify;\">Los datos que el Usuario facilite en el curso de su navegaci\u00f3n, cumplimentaci\u00f3n de formularios y uso de la P\u00e1gina Web ser\u00e1n incorporados a un fichero responsabilidad de Asociaci\u00f3n Privada de Fieles Franciscanos de Mar\u00eda, con Avenida de Machupichu, 50, 28043 Madrid, quien los tratar\u00e1 para facilitarle el acceso a los contenidos y aplicaciones de la P\u00e1gina Web, gestionar los servicios solicitados, gestionar los donativos, estudiar la informaci\u00f3n que se derive de dicha gesti\u00f3n, mejorar nuestros servicios, as\u00ed como para mantenerle informado acerca de las actualizaciones de la P\u00e1gina Web y otra informaci\u00f3n que pueda ser de su inter\u00e9s sobre la misma.<\/p>\n<p style=\"text-align: justify;\">El Usuario podr\u00e1 ejercer sus derechos de acceso, rectificaci\u00f3n, cancelaci\u00f3n y oposici\u00f3n mediante solicitud escrita y firmada dirigida al domicilio indicado al inicio de las presentes Condiciones o a la direcci\u00f3n de e-mail <a class=\"mail\" href=\"mailto:consultas@frmaria.org\">consultas@frmaria.org<\/a>.<\/p>\n<p style=\"text-align: justify;\"><strong>FRANCISCANOS DE MAR\u00cdA<\/strong> informa a los Usuarios de la posible colocaci\u00f3n de &#8220;cookies&#8221; que almacenan datos de navegaci\u00f3n para facilitar posteriores visitas a la P\u00e1gina Web. Si los Usuarios no quieren admitir &#8220;cookies&#8221;, deber\u00e1n eliminar esta posibilidad desde su propio navegador. La no admisi\u00f3n de &#8220;cookies&#8221; puede provocar problemas en la navegaci\u00f3n por la P\u00e1gina Web.<\/p>\n<p style=\"text-align: justify;\"><strong>OBLIGACIONES DEL USUARIO<\/strong><\/p>\n<p style=\"text-align: justify;\">El Usuario se obliga, con car\u00e1cter general, a utilizar la P\u00e1gina Web de forma diligente, de conformidad con la ley, la moral, el orden p\u00fablico y lo dispuesto en estas Condiciones, y deber\u00e1 asimismo abstenerse de utilizar la P\u00e1gina Web en cualquier forma que pueda impedir, da\u00f1ar o deteriorar el normal funcionamiento y disfrute de la P\u00e1gina Web por parte de los Usuarios o que pudiera lesionar o causar da\u00f1os a los bienes y derechos de <strong>FRANCISCANOS DE MAR\u00cdA<\/strong>, de los Usuarios o, en general, de cualquier tercero.<\/p>\n<p style=\"text-align: justify;\">El Usuario responder\u00e1 de los da\u00f1os y perjuicios de toda naturaleza que <strong>FRANCISCANOS DE MAR\u00cdA<\/strong> pueda sufrir directa o indirectamente, como consecuencia del incumplimiento de cualquiera de las obligaciones derivadas de las Condiciones en relaci\u00f3n con la utilizaci\u00f3n de la P\u00e1gina Web. Asimismo, el Usuario mantendr\u00e1 a <strong>FRANCISCANOS DE MAR\u00cdA<\/strong> indemne frente a cualquier sanci\u00f3n, reclamaci\u00f3n o demanda que pudiera interponerse por un tercero, incluidos cualesquiera organismos p\u00fablicos, contra <strong>FRANCISCANOS DE MAR\u00cdA<\/strong>, sus empleados o agentes como consecuencia de la violaci\u00f3n de cualesquiera derechos de terceros por parte de dicho Usuario mediante la utilizaci\u00f3n de la P\u00e1gina Web.<\/p>\n<p style=\"text-align: justify;\">Adem\u00e1s, y sin que esta enumeraci\u00f3n limite el alcance general de la obligaci\u00f3n dispuesta en el p\u00e1rrafo anterior, el Usuario se obliga en la utilizaci\u00f3n de la P\u00e1gina Web a:<\/p>\n<ul style=\"text-align: justify;\">\n<li>Proporcionar, en su caso, datos veraces, exactos y completos para la prestaci\u00f3n del servicio y mantenerlos actualizados.<\/li>\n<li>No introducir, o difundir cualquier informaci\u00f3n difamatoria, injuriosa, obscena, amenazadora, discriminatoria o que de cualquier forma atente contra la moral o la normativa vigente.<\/li>\n<li>No introducir, almacenar o difundir mediante la P\u00e1gina Web, ning\u00fan programa de ordenador, dato, virus, c\u00f3digo, etc. que sea susceptible de causar da\u00f1os, alteraciones o impedir el normal funcionamiento de la P\u00e1gina Web, o cualesquiera equipos, sistemas o redes de la C\u00e1mara de Comercio, de cualquier otro Usuario o de sus proveedores.<\/li>\n<li>No utilizar identidades falsas en la utilizaci\u00f3n de la P\u00e1gina Web.<\/li>\n<li>No facilitar a terceros, por ning\u00fan medio, informaci\u00f3n que identifique o pueda identificar a otros Usuarios de la P\u00e1gina Web.<\/li>\n<li>No destruir, alterar, inutilizar o da\u00f1ar los datos, informaci\u00f3n, programas o documentos electr\u00f3nicos de la C\u00e1mara de Comercio, sus proveedores o terceros.<\/li>\n<li>No introducir, transmitir o difundir mediante la P\u00e1gina Web cualquier contenido que infrinja derechos de propiedad intelectual, industrial o secretos empresariales de terceros, ni en general ning\u00fan contenido sobre el cual no ostentara, de conformidad con la ley, el derecho a ponerlo a disposici\u00f3n de tercero.<\/li>\n<\/ul>\n<p style=\"text-align: justify;\">En el caso de que cualquier Usuario o un tercero considere que existen hechos o circunstancias que revelen el car\u00e1cter il\u00edcito de la utilizaci\u00f3n de cualquier contenido y\/o de la realizaci\u00f3n de cualquier actividad en la P\u00e1gina Web o accesibles a trav\u00e9s de la misma, deber\u00e1 enviar una notificaci\u00f3n a <strong>FRANCISCANOS DE MAR\u00cdA<\/strong>.<\/p>\n<p style=\"text-align: justify;\"><strong>HIPERENLACES<\/strong><\/p>\n<p style=\"text-align: justify;\">No existe ning\u00fan v\u00ednculo o relaci\u00f3n entre <strong>FRANCISCANOS DE MAR\u00cdA<\/strong> y aquellos Usuarios y, en general, aquellas personas que establezcan un hiperv\u00ednculo entre su p\u00e1gina web y la P\u00e1gina Web, siendo los mismos responsables de todos los contenidos existentes en su p\u00e1gina web, eximiendo a <strong>FRANCISCANOS DE MAR\u00cdA<\/strong> de cualesquiera responsabilidades en las que pudiera incurrir por el contenido il\u00edcito de las citadas p\u00e1ginas web.<\/p>\n<p style=\"text-align: justify;\"><strong>PROPIEDAD INTELECTUAL E INDUSTRIAL<\/strong><\/p>\n<p style=\"text-align: justify;\">El Usuario reconoce que todos los elementos de la P\u00e1gina Web, la informaci\u00f3n y materiales contenidos en la misma, las marcas, la estructura, selecci\u00f3n, ordenaci\u00f3n y presentaci\u00f3n de sus contenidos, y los programas de ordenador utilizados en relaci\u00f3n con ellos, est\u00e1n protegidos por derechos de propiedad intelectual e industrial de <strong>FRANCISCANOS DE MAR\u00cdA<\/strong> o de terceros, y que el uso de la P\u00e1gina Web no le atribuye respecto a dichos derechos de propiedad industrial e intelectual ning\u00fan otro derecho distinto de los espec\u00edficamente contemplados en estas Condiciones.<\/p>\n<p style=\"text-align: justify;\">Salvo que fuera autorizado por <strong>FRANCISCANOS DE MAR\u00cdA<\/strong> o, en su caso, por los terceros titulares de los derechos correspondientes, o a menos que ello resulte legalmente permitido, el Usuario no podr\u00e1 reproducir, transformar, modificar, desensamblar, realizar ingenier\u00eda inversa, distribuir, alquilar, prestar, poner a disposici\u00f3n, o permitir el acceso al p\u00fablico a trav\u00e9s de cualquier modalidad de comunicaci\u00f3n p\u00fablica de ninguno de los elementos referidos en el p\u00e1rrafo anterior. El Usuario deber\u00e1 utilizar los materiales, elementos e informaci\u00f3n a la que acceda a trav\u00e9s de la utilizaci\u00f3n de la P\u00e1gina Web \u00fanicamente para sus propias necesidades, oblig\u00e1ndose a no realizar ni directa ni indirectamente una explotaci\u00f3n comercial de los materiales, elementos e informaci\u00f3n obtenidos a trav\u00e9s de los mismos.<\/p>\n<p style=\"text-align: justify;\">En ning\u00fan caso se entender\u00e1 que se concede licencia alguna o se efect\u00faa renuncia, transmisi\u00f3n, cesi\u00f3n total o parcial de dichos derechos ni se confiere ning\u00fan derecho ni expectativa de derecho, y en especial, de alteraci\u00f3n, explotaci\u00f3n, reproducci\u00f3n, distribuci\u00f3n o comunicaci\u00f3n p\u00fablica sobre dichos contenidos sin la previa autorizaci\u00f3n expresa de<strong>FRANCISCANOS DE MAR\u00cdA<\/strong> o de los titulares correspondientes.<\/p>\n<p style=\"text-align: justify;\"><strong>RESPONSABILIDAD Y EXCLUSI\u00d3N DE GARANT\u00cdAS<\/strong><\/p>\n<p style=\"text-align: justify;\">Los Usuarios responder\u00e1n de los da\u00f1os y perjuicios de toda naturaleza que <strong>FRANCISCANOS DE MAR\u00cdA<\/strong> pueda sufrir, directa o indirectamente, como consecuencia del incumplimiento de cualquiera de las obligaciones derivadas de las condiciones que, en cada caso, sean de aplicaci\u00f3n en la utilizaci\u00f3n de la P\u00e1gina Web o de cualquiera de los servicios vinculados a la misma.<\/p>\n<p style=\"text-align: justify;\">El Usuario reconoce y acepta que la utilizaci\u00f3n de la P\u00e1gina Web, as\u00ed como el acceso a los servicios en ella ofrecidos se realiza bajo su entero riesgo y responsabilidad.<\/p>\n<p style=\"text-align: justify;\"><strong>FRANCISCANOS DE MAR\u00cdA<\/strong> \u00fanicamente responder\u00e1 de los da\u00f1os que el Usuario pueda sufrir como consecuencia de la utilizaci\u00f3n de la P\u00e1gina Web cuando dichos da\u00f1os sean imputables a una actuaci\u00f3n dolosa de <strong>FRANCISCANOS DE MAR\u00cdA<\/strong>.<\/p>\n<p style=\"text-align: justify;\"><strong>FRANCISCANOS DE MAR\u00cdA<\/strong> no controla, con car\u00e1cter general, la utilizaci\u00f3n que los Usuarios hacen de la P\u00e1gina Web. En particular,<strong> FRANCISCANOS DE MAR\u00cdA<\/strong> no garantiza que los Usuarios utilicen la P\u00e1gina Web de conformidad con la ley, las presentes Condiciones, la moral y buenas costumbres generalmente aceptadas y el orden p\u00fablico, ni tampoco que lo hagan de forma diligente y prudente.<\/p>\n<p style=\"text-align: justify;\"><strong>FRANCISCANOS DE MAR\u00cdA<\/strong> no se hace responsable de los perjuicios que se pudieran derivar de, con car\u00e1cter meramente enunciativo y no limitativo:<\/p>\n<ul style=\"text-align: justify;\">\n<li>Inferencias, omisiones, interrupciones, virus inform\u00e1ticos, aver\u00edas y\/o desconexiones en el funcionamiento operativo de este sistema electr\u00f3nico o en los aparatos y equipos inform\u00e1ticos de los Usuarios, motivadas por causas ajenas a FRANCISCANOS DE MAR\u00cdA, que impidan o retrasen la prestaci\u00f3n de los servicios o la navegaci\u00f3n por el sistema.<\/li>\n<li>Retrasos o bloqueos en el uso causados por deficiencias o sobrecargas de Internet o en otros sistemas electr\u00f3nicos.<\/li>\n<li>Perjuicios que puedan ser causados por terceras personas mediante intromisiones ileg\u00edtimas fuera del control de la P\u00e1gina Web y que no sean atribuibles a<strong>FRANCISCANOS DE MAR\u00cdA<\/strong>.<\/li>\n<li>La imposibilidad de dar el servicio o permitir el acceso por causas no imputables a FRANCISCANOS DE MAR\u00cdA, debidas al Usuario, a terceros, o a supuestos de fuerza mayor.<\/li>\n<\/ul>\n<p style=\"text-align: justify;\">En el caso de que se pongan a disposici\u00f3n de los Usuarios dispositivos t\u00e9cnicos de enlace (tales como, entre otros, enlaces o links, banners, botones, etc.), directorios y herramientas de b\u00fasqueda que permitan a los Usuarios acceder a sitios web pertenecientes y\/o gestionados por terceros, <strong>FRANCISCANOS DE MAR\u00cdA<\/strong> no garantiza ni asume ning\u00fan tipo de responsabilidad por los da\u00f1os y perjuicios de toda clase que puedan deberse al funcionamiento o accesibilidad de los sitios enlazados, as\u00ed como a la calidad, licitud y utilidad de la informaci\u00f3n y contenidos y servicios existentes en los sitios enlazados.<\/p>\n<p style=\"text-align: justify;\"><strong>LEY APLICABLE Y FUERO<\/strong><\/p>\n<p style=\"text-align: justify;\">Las disposiciones contenidas en estas Condiciones se regir\u00e1n y ser\u00e1n interpretadas de conformidad con la legislaci\u00f3n espa\u00f1ola.<\/p>\n<p style=\"text-align: justify;\">Salvo que la ley expresamente lo proh\u00edba, para la resoluci\u00f3n de todas las cuestiones litigiosas derivadas de las presentes Condiciones Generales, o de las Condiciones Particulares que puedan establecerse en cada caso, o relativas al incumplimiento, interpretaci\u00f3n, resoluci\u00f3n o validez de cualquier disposici\u00f3n de la P\u00e1gina Web, las partes, de com\u00fan acuerdo, se someten al fuero y jurisdicci\u00f3n de los Jueces y Tribunales de Madrid, con renuncia expresa a cualquier otro fuero que en su caso pudiera corresponderles.<\/p>\n","protected":false},"excerpt":{"rendered":"<p>Las presentes Condiciones regulan el acceso y utilizaci\u00f3n del sitio web www.franciscanosdemaria.org (en adelante &#8220;la P\u00e1gina Web&#8221;), del que es titular la Asociaci\u00f3n Privada de Fieles Franciscanos de Mar\u00eda (en adelante, &#8220;FRANCISCANOS DE MAR\u00cdA&#8221;), Entidad Religiosa con CIF G80654742 y<span class=\"ellipsis\">&hellip;<\/span><\/p>\n<div class=\"read-more\"><a href=\"https:\/\/franciscanosdemaria.org\/es\/politica-de-privacidad\/\">Leer m\u00e1s \u203a<\/a><\/div>\n<p><!-- end of .read-more --><\/p>\n","protected":false},"author":1,"featured_media":0,"parent":0,"menu_order":0,"comment_status":"closed","ping_status":"open","template":"","meta":[],"_links":{"self":[{"href":"https:\/\/franciscanosdemaria.org\/de\/wp-json\/wp\/v2\/pages\/366"}],"collection":[{"href":"https:\/\/franciscanosdemaria.org\/de\/wp-json\/wp\/v2\/pages"}],"about":[{"href":"https:\/\/franciscanosdemaria.org\/de\/wp-json\/wp\/v2\/types\/page"}],"author":[{"embeddable":true,"href":"https:\/\/franciscanosdemaria.org\/de\/wp-json\/wp\/v2\/users\/1"}],"replies":[{"embeddable":true,"href":"https:\/\/franciscanosdemaria.org\/de\/wp-json\/wp\/v2\/comments?post=366"}],"version-history":[{"count":0,"href":"https:\/\/franciscanosdemaria.org\/de\/wp-json\/wp\/v2\/pages\/366\/revisions"}],"wp:attachment":[{"href":"https:\/\/franciscanosdemaria.org\/de\/wp-json\/wp\/v2\/media?parent=366"}],"curies":[{"name":"wp","href":"https:\/\/api.w.org\/{rel}","templated":true}]}}