{"id":358,"date":"2015-10-15T16:58:54","date_gmt":"2015-10-15T16:58:54","guid":{"rendered":"http:\/\/franciscanosdemaria.org\/?page_id=358"},"modified":"2017-06-27T16:12:24","modified_gmt":"2017-06-27T16:12:24","slug":"politica-de-cookies","status":"publish","type":"page","link":"https:\/\/franciscanosdemaria.org\/es\/politica-de-cookies\/","title":{"rendered":"Pol\u00edtica de Cookies"},"content":{"rendered":"<p><strong>Uso de cookies en las webs y aplicaciones de FRANCISCANOS DE MAR\u00cdA<\/strong><\/p>\n<p>En cumplimiento de la Ley 34\/2002, de 11 de julio, de Servicios de la Sociedad de la Informaci\u00f3n y Comercio Electr\u00f3nico le informamos de la utilizaci\u00f3n de cookies en las webs y aplicaciones de FRANCISCANOS DE MAR\u00cdA con el fin de facilitar y mejorar la navegaci\u00f3n a los usuarios, recordando por donde naveg\u00f3 en el sitio web, su nombre de usuario al registrarse, las preferencias y configuraciones de visualizaci\u00f3n, y ofreciendo a cada usuario informaci\u00f3n que puede ser de su inter\u00e9s.<\/p>\n<p><strong>\u00bfQu\u00e9 son las cookies?<\/strong><\/p>\n<p>Una cookie es un fichero que se descarga en su ordenador o el dispositivo que utilice (Smartphone, tableta, televisi\u00f3n conectada\u2026.) al acceder a determinadas p\u00e1ginas web o aplicaciones. Las cookies permiten, entre otras cosas, recopilar informaci\u00f3n estad\u00edstica, facilitar ciertas funcionalidades t\u00e9cnicas, almacenar y recuperar informaci\u00f3n sobre los h\u00e1bitos de navegaci\u00f3n o preferencias de un usuario o de su equipo y, dependiendo de la informaci\u00f3n que contengan y de la forma en que utilice su equipo, pueden utilizarse para reconocer al usuario.<\/p>\n<p>Una cookie se almacena en un ordenador con el fin de identificar al navegador mientras interacciona con nuestras webs o aplicaciones. Un sitio web puede establecer una cookie en el navegador si las preferencias de \u00e9ste lo permiten. Un navegador s\u00f3lo permite que un sitio web acceda a las cookies que \u00e9ste establece, no a las que establecen otros sitios Web. En las webs y aplicaciones de FRANCISCANOS DE MAR\u00cdA se utilizan cookies de terceros, que permiten recoger datos an\u00f3nimos estad\u00edsticos sobre las visitas recibidas con el fin de realizar un seguimiento.<\/p>\n<p><strong>\u00bfPor qu\u00e9 las cookies son importantes?<\/strong><\/p>\n<p>FRANCISCANOS DE MAR\u00cdA utiliza estas cookies por a) motivos operativos: Equilibrado y limitaci\u00f3n del tr\u00e1fico como m\u00e9todo de aseguramiento del servicio; b) por facilidad de uso: Hacer m\u00e1s f\u00e1cil y amigable la navegaci\u00f3n en las webs y aplicaciones, por ejemplo, recordar aspectos del usuario como su idioma, pa\u00eds, navegador, etc&#8230; Determinadas cookies son fundamentales para que pueda utilizar servicios de las webs de FRANCISCANOS DE MAR\u00cdA.<\/p>\n<p>FRANCISCANOS DE MAR\u00cdA en ning\u00fan caso realiza registro de las actividades que el usuario lleva a cabo en la red ni elabora perfiles de \u00e9ste. Tipos de cookies utilizadas por FRANCISCANOS DE MAR\u00cdA:<\/p>\n<ul>\n<li>Cookies estad\u00edsticas: recogen informaci\u00f3n sobre fecha de visita, la URL y el t\u00edtulo de la p\u00e1gina web visitada. Los informes generados con esta informaci\u00f3n ser\u00e1n meramente estad\u00edsticos dando informaci\u00f3n sobre el comportamiento de navegaci\u00f3n de forma an\u00f3nima.<\/li>\n<li>Cookies de sesi\u00f3n: guardan informaci\u00f3n del tipo de usuario en la comunidad de FRANCISCANOS DE MAR\u00cdA, guardando el nick de usuario para evitar introducirlo p\u00e1gina a p\u00e1gina, tambi\u00e9n se guarda informaci\u00f3n encriptada e informaci\u00f3n sobre los favoritos del usuario<\/li>\n<li>Cookies Anal\u00edticas: son utilizadas para realizar el seguimiento sobre el motor de b\u00fasqueda desde el que se ha visitado la web y qu\u00e9 t\u00e9rminos de b\u00fasqueda se utilizaron para encontrarlo, calculan el tiempo pasado en la web en cada sesi\u00f3n y el n\u00famero de veces que el usuario ha visitado la p\u00e1gina.<\/li>\n<\/ul>\n<p>&nbsp;<\/p>\n<p>La lista de cookies utilizadas podr\u00e1 modificarse en funci\u00f3n de la incorporaci\u00f3n o exclusi\u00f3n de servicios en las webs y aplicaciones.<\/p>\n<p>Tipos de cookies por vencimiento<\/p>\n<p>Las Cookies utilizadas en FRANCISCANOS DE MAR\u00cdA pueden tener los siguientes tipos de vencimientos:<\/p>\n<ul>\n<li>De sesi\u00f3n: Con vencimiento una vez que el usuario sale de la sesi\u00f3n.<\/li>\n<li>De Servicio Relacionadas con alg\u00fan servicio personalizado dentro del site, con vencimiento inferior a veinticuatro horas (24h).<\/li>\n<li>Persistentes: quedan permanentemente instaladas en tu navegador y son activadas cada vez que visitas el site, siempre y cuando no se desactive su uso.<\/li>\n<\/ul>\n<p>&nbsp;<\/p>\n<p>Configuraci\u00f3n de cookies<\/p>\n<p>Para conocer la forma en la que configurar la gesti\u00f3n de cookies en su navegador puede consultar los siguientes links de los principales navegadores y dispositivos:<\/p>\n<p>Para Internet Explorer:<\/p>\n<p><a href=\"http:\/\/windos.microsoft.com\/fr-FR\/windows-vista\/Block-or-allow-cookies\">http:\/\/windos.microsoft.com\/fr-FR\/windows-vista\/Block-or-allow-cookies<\/a><\/p>\n<p>Para Safari:<\/p>\n<p><a href=\"http:\/\/docs.info.apple.com\/article.html?path=Safari\/3.0\/fr\/9277.html\">http:\/\/docs.info.apple.com\/article.html?path=Safari\/3.0\/fr\/9277.html<\/a><\/p>\n<p>Para Chrome:<\/p>\n<p><a href=\"http:\/\/support.google.com\/chrome\/bin\/answer.py?hl=fr&amp;hlrm=en&amp;answer=95647\">http:\/\/support.google.com\/chrome\/bin\/answer.py?hl=fr&amp;hlrm=en&amp;answer=95647<\/a><\/p>\n<p>Para Firefox:<\/p>\n<p><a href=\"http:\/\/support.mozilla.org\/fr\/kb\/Activer%20et%20d%C3%A9sactiver%20les%20cookies\">http:\/\/support.mozilla.org\/fr\/kb\/Activer%20et%20d%C3%A9sactiver%20les%20cookies<\/a><\/p>\n<p>Para Opera:<\/p>\n<p><a href=\"http:\/\/help.opera.com\/Windows\/10.20\/fr\/cookies.html%22\">http:\/\/help.opera.com\/Windows\/10.20\/fr\/cookies.html<\/a><\/p>\n<p>Para Android:<\/p>\n<p><a href=\"http:\/\/support.google.com\/android\/?hl=en\">http:\/\/support.google.com\/android\/?hl=en<\/a><\/p>\n<p>Para Windows Phone:<\/p>\n<p><a href=\"http:\/\/www.microsoft.com\/windowsphone\/en-us\/howto\/wp7\/web\/changing-privacy-and-other-browser-settings.aspx\">http:\/\/www.microsoft.com\/windowsphone\/en-us\/howto\/wp7\/web\/changing-privacy-and-other-browser-settings.aspx<\/a><\/p>\n<p>Para Blackberry:<\/p>\n<p><a href=\"http:\/\/docs.blackberry.com\/en\/smartphone_users\/deliverables\/32004\/Turn_off_cookies_in_the_browser_60_1072866_11.jsp\">http:\/\/docs.blackberry.com\/en\/smartphone_users\/deliverables\/32004\/Turn_off_cookies_in_the_browser_60_1072866_11.jsp<\/a><\/p>\n<p>Aceptaci\u00f3n de cookies<\/p>\n<p>Si usted contin\u00faa su navegaci\u00f3n una vez informado sobre la Pol\u00edtica de Cookies, entenderemos que acepta la utilizaci\u00f3n de las cookies por parte de la web y aplicaciones. Sin embargo, si usted quiere, puede cambiar la configuraci\u00f3n de cookies en cualquier momento, configurando su navegador para aceptar, o no, las cookies que recibe o para que el navegador le avise cuando un servidor quiera guardar una cookie.<\/p>\n<p>Le informamos que en el caso de bloquear o no aceptar la instalaci\u00f3n de cookies, es posible que ciertos servicios no est\u00e9n disponibles sin la utilizaci\u00f3n de \u00e9stas o que no pueda acceder a determinados servicios ni tampoco aprovechar por completo todo lo que nuestras webs y aplicaciones le ofrecen.<br \/>\nFRANCISCANOS DE MAR\u00cdA le agradece que consienta la aceptaci\u00f3n de cookies, esto nos ayuda a obtener datos m\u00e1s precisos que nos permiten mejorar el contenido y el dise\u00f1o de nuestras p\u00e1ginas webs y aplicaciones para adaptarlas a sus preferencias.<br \/>\nEn caso de que FRANCISCANOS DE MAR\u00cdA prestara alg\u00fan tipo de servicio especial en el que determine unas previsiones espec\u00edficas diferentes a \u00e9stas en lo relativo a la protecci\u00f3n de datos personales y la utilizaci\u00f3n de cookies, prevalecer\u00e1n las normas particulares indicadas para ese servicio en particular sobre las presentes.<br \/>\nSi usted consiente la utilizaci\u00f3n de cookies, contin\u00faa navegando o hace clic en alg\u00fan link se entender\u00e1 que usted ha consentido nuestra pol\u00edtica de cookies y por tanto la instalaci\u00f3n de las mismas en su equipo o dispositivo.<\/p>\n","protected":false},"excerpt":{"rendered":"<p>Uso de cookies en las webs y aplicaciones de FRANCISCANOS DE MAR\u00cdA En cumplimiento de la Ley 34\/2002, de 11 de julio, de Servicios de la Sociedad de la Informaci\u00f3n y Comercio Electr\u00f3nico le informamos de la utilizaci\u00f3n de cookies<span class=\"ellipsis\">&hellip;<\/span><\/p>\n<div class=\"read-more\"><a href=\"https:\/\/franciscanosdemaria.org\/es\/politica-de-cookies\/\">Leer m\u00e1s \u203a<\/a><\/div>\n<p><!-- end of .read-more --><\/p>\n","protected":false},"author":1,"featured_media":0,"parent":0,"menu_order":0,"comment_status":"closed","ping_status":"open","template":"","meta":[],"_links":{"self":[{"href":"https:\/\/franciscanosdemaria.org\/es\/wp-json\/wp\/v2\/pages\/358"}],"collection":[{"href":"https:\/\/franciscanosdemaria.org\/es\/wp-json\/wp\/v2\/pages"}],"about":[{"href":"https:\/\/franciscanosdemaria.org\/es\/wp-json\/wp\/v2\/types\/page"}],"author":[{"embeddable":true,"href":"https:\/\/franciscanosdemaria.org\/es\/wp-json\/wp\/v2\/users\/1"}],"replies":[{"embeddable":true,"href":"https:\/\/franciscanosdemaria.org\/es\/wp-json\/wp\/v2\/comments?post=358"}],"version-history":[{"count":3,"href":"https:\/\/franciscanosdemaria.org\/es\/wp-json\/wp\/v2\/pages\/358\/revisions"}],"predecessor-version":[{"id":497,"href":"https:\/\/franciscanosdemaria.org\/es\/wp-json\/wp\/v2\/pages\/358\/revisions\/497"}],"wp:attachment":[{"href":"https:\/\/franciscanosdemaria.org\/es\/wp-json\/wp\/v2\/media?parent=358"}],"curies":[{"name":"wp","href":"https:\/\/api.w.org\/{rel}","templated":true}]}}