{"id":367,"date":"2015-10-15T17:00:18","date_gmt":"2015-10-15T17:00:18","guid":{"rendered":"http:\/\/franciscanosdemaria.org\/?page_id=367"},"modified":"2017-06-26T19:28:49","modified_gmt":"2017-06-26T19:28:49","slug":"quienes-somos","status":"publish","type":"page","link":"https:\/\/franciscanosdemaria.org\/es\/quienes-somos\/","title":{"rendered":"Qui\u00e9nes Somos"},"content":{"rendered":"<p style=\"text-align: justify;\">Los Franciscanos de Mar\u00eda fueron fundados en 1988 por el P. Santiago Mart\u00edn (Madrid, 1954), en Madrid y recibieron la primera aprobaci\u00f3n eclesi\u00e1stica de manos del arzobispo de Madrid, cardenal \u00c1ngel Suqu\u00eda, en 1993, como Asociaci\u00f3n P\u00fablica de Fieles de Derecho Diocesano. Desde ese momento, los Franciscanos de Mar\u00eda comenzaron a expandirse fuera de su Di\u00f3cesis de origen, primero por Espa\u00f1a y luego fuera de ella. Ir\u00fan -en el Pa\u00eds Vasco-, Alicante \u2013junto al Mediterr\u00e1neo- y Oviedo \u2013en la cuna de la Reconquista- fueron las primeras Di\u00f3cesis que acogieron la espiritualidad del agradecimiento. Luego siguieron otras: Valencia, Barcelona, Almer\u00eda, Sevilla&#8230; A partir del a\u00f1o 2000, aunque ya antes ten\u00edan presencia en Am\u00e9rica (Rep\u00fablica Dominicana), comienza la expansi\u00f3n por ese continente. En este momento las \u00abescuelas de agradecimiento\u00bb \u2013la \u00abobra\u00bb t\u00edpica y propia de los Franciscanos de Mar\u00eda- est\u00e1n abiertas y funcionando en todas las naciones de Am\u00e9rica, desde Canad\u00e1 a Chile, a excepci\u00f3n de algunas de las islas m\u00e1s peque\u00f1as del Caribe. No mucho despu\u00e9s, esta expansi\u00f3n se trasladaba a Asia, aunque m\u00e1s t\u00edmidamente (hay \u00abescuelas de agradecimiento\u00bb en Sri Lanka) y se empezaban a crear grupos de laicos en otros pa\u00edses de Europa: Polonia, Holanda, Italia, Alemania. En 2007, el Papa Benedicto XVI, a trav\u00e9s del Pontificio Consejo para los Laicos \u2013presidido por el cardenal Rylko- daba la aprobaci\u00f3n pontificia a esta instituci\u00f3n, refrend\u00e1ndola as\u00ed como un \u00abcamino de santidad\u00bb y reconociendo en ella la existencia de un carisma, el del agradecimiento. La aprobaci\u00f3n pontificia tiene fecha del 25 de marzo de 2007, d\u00eda de la Encarnaci\u00f3n del Se\u00f1or, d\u00eda del \u00abS\u00ed\u00bb de Mar\u00eda, y el acto oficial de entrega del decreto de aprobaci\u00f3n tuvo lugar en el Vaticano el 26 de junio de 2007, fiesta de otro fundador espa\u00f1ol, San Josemar\u00eda Escriv\u00e1. El 28 de marzo de 2012 el Papa concedi\u00f3 la aprobaci\u00f3n definitiva de los Estatutos de esta Instituci\u00f3n. En este momento, los Franciscanos de Mar\u00eda est\u00e1n en 31 pa\u00edses de tres continentes y el n\u00famero de laicos que asisten a las \u00abescuelas de agradecimiento\u00bb y que, por lo tanto, forman parte jur\u00eddicamente de la Asociaci\u00f3n est\u00e1 en torno a los diez mil.<\/p>\n<p style=\"text-align: justify;\">Los Franciscanos de Mar\u00eda se organizan en dos niveles, el de los laicos y el de los consagrados. Cada uno de ellos tiene una estructura y unos compromisos diferentes, aunque todos part\u00edcipes de la misma vocaci\u00f3n: amar y hacer amar al Amor, a Dios que es el Amor. La misi\u00f3n de los Franciscanos de Mar\u00eda es vivir y difundir la espiritualidad del agradecimiento, ayudando a todos a comprender que \u00e9se es el coraz\u00f3n del Evangelio, aquello que Dios espera y tiene derecho a encontrar en el coraz\u00f3n del cristiano.<\/p>\n<p style=\"text-align: justify;\">Esta vivencia y difusi\u00f3n de la espiritualidad del agradecimiento se hace a trav\u00e9s de la imitaci\u00f3n de laSant\u00edsima Virgen y de San Francisco de As\u00eds: Imitar a Mar\u00eda en su disponibilidad, en su maternidad divina mediante la pr\u00e1ctica de la unidad y en su servicio a Cristo crucificado; imitar a San Francisco en su pobreza, en su amor agradecido a Dios y en su fidelidad plena a la Iglesia y muy en especial al Papa.<\/p>\n","protected":false},"excerpt":{"rendered":"<p>Los Franciscanos de Mar\u00eda fueron fundados en 1988 por el P. Santiago Mart\u00edn (Madrid, 1954), en Madrid y recibieron la primera aprobaci\u00f3n eclesi\u00e1stica de manos del arzobispo de Madrid, cardenal \u00c1ngel Suqu\u00eda, en 1993, como Asociaci\u00f3n P\u00fablica de Fieles de<span class=\"ellipsis\">&hellip;<\/span><\/p>\n<div class=\"read-more\"><a href=\"https:\/\/franciscanosdemaria.org\/es\/quienes-somos\/\">Leer m\u00e1s \u203a<\/a><\/div>\n<p><!-- end of .read-more --><\/p>\n","protected":false},"author":1,"featured_media":0,"parent":0,"menu_order":0,"comment_status":"closed","ping_status":"open","template":"","meta":[],"_links":{"self":[{"href":"https:\/\/franciscanosdemaria.org\/es\/wp-json\/wp\/v2\/pages\/367"}],"collection":[{"href":"https:\/\/franciscanosdemaria.org\/es\/wp-json\/wp\/v2\/pages"}],"about":[{"href":"https:\/\/franciscanosdemaria.org\/es\/wp-json\/wp\/v2\/types\/page"}],"author":[{"embeddable":true,"href":"https:\/\/franciscanosdemaria.org\/es\/wp-json\/wp\/v2\/users\/1"}],"replies":[{"embeddable":true,"href":"https:\/\/franciscanosdemaria.org\/es\/wp-json\/wp\/v2\/comments?post=367"}],"version-history":[{"count":2,"href":"https:\/\/franciscanosdemaria.org\/es\/wp-json\/wp\/v2\/pages\/367\/revisions"}],"predecessor-version":[{"id":460,"href":"https:\/\/franciscanosdemaria.org\/es\/wp-json\/wp\/v2\/pages\/367\/revisions\/460"}],"wp:attachment":[{"href":"https:\/\/franciscanosdemaria.org\/es\/wp-json\/wp\/v2\/media?parent=367"}],"curies":[{"name":"wp","href":"https:\/\/api.w.org\/{rel}","templated":true}]}}