{"id":368,"date":"2015-10-15T17:00:37","date_gmt":"2015-10-15T17:00:37","guid":{"rendered":"http:\/\/franciscanosdemaria.org\/?page_id=368"},"modified":"2024-01-17T16:31:37","modified_gmt":"2024-01-17T16:31:37","slug":"seminario","status":"publish","type":"page","link":"https:\/\/franciscanosdemaria.org\/es\/seminario\/","title":{"rendered":"Seminario"},"content":{"rendered":"<p style=\"text-align: justify;\">En la familia espiritual de los Franciscanos de Mar\u00eda hay un n\u00facleo de sacerdotes que, viviendo esta espiritualidad, ejercen su misi\u00f3n pastoral desde la perspectiva de amar y hacer amar al Amor, dedicando una parte de su tiempo y de su esfuerzo a la animaci\u00f3n de los laicos que viven esta misma espiritualidad del agradecimiento. Ejercen la labor del coraz\u00f3n, impulsando continuamente esta espiritualidad al resto del cuerpo, a los laicos que componen esta familia espiritual.<br \/>\nEstos sacerdotes son, en este momento y desde el punto de vista jur\u00eddico, diocesanos, incardinados en sus respectivas Di\u00f3cesis y dedicados preferentemente al trabajo parroquial. Tienen dos ramas: los no consagrados, que viven y trabajan donde su Obispo les destina y que participan en la espiritualidad del agradecimiento pero sin vivir en comunidad, y, por otro lado, los consagrados, que viven en comunidad con permiso de su Obispo, y que han emitido los tres votos (pobreza, castidad y obediencia); estos sacerdotes de vida com\u00fan adquieren un compromiso misionero para estar disponibles a ir a evangelizar a cualquier parte del mundo, siempre con el permiso de su Obispo.<br \/>\nLos Estatutos de los sacerdotes Franciscanos de Mar\u00eda, como Asociaci\u00f3n P\u00fablica de Fieles de Derecho Diocesano, fueron aprobados por la Archidi\u00f3cesis de Madrid el 27 de junio de 2007. Est\u00e1n presidido por el fundador de la Asociaci\u00f3n, P. Santiago Mart\u00edn, y est\u00e1n presentes en 11 naciones.<\/p>\n<p style=\"text-align: justify;\">En Espa\u00f1a existe una casa de formaci\u00f3n para los futuros religiosos y sacerdotes de vida com\u00fan. Para entrar en ella se exigen algunos requisitos, uno de los cuales es la participaci\u00f3n previa durante un tiempo suficiente en alguna escuela de agradecimiento, a fin de conocer y vivir profundamente la espiritualidad de la que luego se convertir\u00e1n en animadores. En este momento, en dicha casa de formaci\u00f3n hay 15 seminaristas de distintos pa\u00edses.<\/p>\n<p style=\"text-align: justify;\">Los interesados en cualquiera de las dos ramas de esta fraternidad sacerdotal pueden ponerse con contacto con <a class=\"sin\" href=\"mailto:santiago@frmaria.org\">santiago@frmaria.org<\/a><\/p>\n","protected":false},"excerpt":{"rendered":"<p>En la familia espiritual de los Franciscanos de Mar\u00eda hay un n\u00facleo de sacerdotes que, viviendo esta espiritualidad, ejercen su misi\u00f3n pastoral desde la perspectiva de amar y hacer amar al Amor, dedicando una parte de su tiempo y de<span class=\"ellipsis\">&hellip;<\/span><\/p>\n<div class=\"read-more\"><a href=\"https:\/\/franciscanosdemaria.org\/es\/seminario\/\">Leer m\u00e1s \u203a<\/a><\/div>\n<p><!-- end of .read-more --><\/p>\n","protected":false},"author":1,"featured_media":0,"parent":0,"menu_order":0,"comment_status":"closed","ping_status":"open","template":"","meta":[],"_links":{"self":[{"href":"https:\/\/franciscanosdemaria.org\/es\/wp-json\/wp\/v2\/pages\/368"}],"collection":[{"href":"https:\/\/franciscanosdemaria.org\/es\/wp-json\/wp\/v2\/pages"}],"about":[{"href":"https:\/\/franciscanosdemaria.org\/es\/wp-json\/wp\/v2\/types\/page"}],"author":[{"embeddable":true,"href":"https:\/\/franciscanosdemaria.org\/es\/wp-json\/wp\/v2\/users\/1"}],"replies":[{"embeddable":true,"href":"https:\/\/franciscanosdemaria.org\/es\/wp-json\/wp\/v2\/comments?post=368"}],"version-history":[{"count":2,"href":"https:\/\/franciscanosdemaria.org\/es\/wp-json\/wp\/v2\/pages\/368\/revisions"}],"predecessor-version":[{"id":11012,"href":"https:\/\/franciscanosdemaria.org\/es\/wp-json\/wp\/v2\/pages\/368\/revisions\/11012"}],"wp:attachment":[{"href":"https:\/\/franciscanosdemaria.org\/es\/wp-json\/wp\/v2\/media?parent=368"}],"curies":[{"name":"wp","href":"https:\/\/api.w.org\/{rel}","templated":true}]}}