{"id":396,"date":"2015-12-01T17:38:50","date_gmt":"2015-12-01T17:38:50","guid":{"rendered":"http:\/\/franciscanosdemaria.org\/es\/?page_id=396"},"modified":"2017-06-26T21:42:16","modified_gmt":"2017-06-26T21:42:16","slug":"comment-fonctionne-une-ecole-de-reconnaissance","status":"publish","type":"page","link":"https:\/\/franciscanosdemaria.org\/fr\/comment-fonctionne-une-ecole-de-reconnaissance\/","title":{"rendered":"Comment est organise\u00e9 une \u00e9cole de gratitude"},"content":{"rendered":"<div>PREMI\u00c8RE \u00c9TAPE : CONNA\u00ceTRE ET VIVRE LA SPIRITUALIT\u00c9<\/div>\n<div><\/div>\n<div align=\"\\\">\u00a0\u00a0\u00a0\u00a0\u00a0\u00a0\u00a0\u00a0\u00a0\u00a0\u00a0 La personne int\u00e9ress\u00e9e \u00e0 mettre en place une \u201c<strong>\u00c9cole de Gratitude<\/strong>\u201d doit avant tout bien conna\u00eetre la spiritualit\u00e9 des Franciscains de Marie et la pratiquer au quotidien. L\u00b4exp\u00e9rience du protocole s\u00b4av\u00e8re \u00e9galement n\u00e9cessaire au bon d\u00e9roulement de ces \u00e9coles.<\/div>\n<div><\/div>\n<div align=\"\\\">\u00a0\u00a0\u00a0\u00a0\u00a0\u00a0\u00a0\u00a0\u00a0\u00a0\u00a0 Rappelons par ailleurs que notre spiritualit\u00e9 est fond\u00e9e sur la gratitude et prend la Sainte Vierge Marie et Saint Fran\u00e7ois d\u00b4Assise comme des mod\u00e8les \u00e0 imiter.<\/div>\n<div><\/div>\n<div align=\"\\\">\u00a0\u00a0\u00a0\u00a0\u00a0\u00a0\u00a0\u00a0\u00a0\u00a0\u00a0 La gratitude est une vertu que nous devrions tous pratiquer. Elle concourt largement \u00e0 l\u00b4\u00e9panouissement individuel. D\u00b4un point de vue simplement humain, elle peut s\u00b4exprimer envers bien des gens : que ce soit nos parents, \u00e0 qui nous devons la vie ; ceux qui nous ont soutenus dans les situations difficiles ou nous donnent aujourd\u00b4hui leur affection ; ceux qui nous ont aid\u00e9s mat\u00e9riellement ou ont su nous offrir un emploi ; ou encore ceux qui ont contribu\u00e9 \u00e0 notre formation personnelle d\u00b4une fa\u00e7on ou d\u00b4une autre. Remarquons cependant que la reconnaissance, ou gratitude, est une vertu profond\u00e9ment chr\u00e9tienne : c\u00b4est en effet le Christ qui a institu\u00e9 l\u00b4\u201cEucharistie\u201d, ou \u201caction de gr\u00e2ce\u201d pour permettre \u00e0 Dieu d\u00b4entrer en parfaite relation avec les hommes. D\u00b4un point de vue religieux, vivre la gratitude c\u00b4est prendre en compte \u00e0 la fois la dimension humaine et chr\u00e9tienne. Ou, pour le dire d\u00b4une autre fa\u00e7on, il s\u00b4agit d\u00b4introduire parmi nos motifs de reconnaissance la dette d\u00b4amour que nous avons envers Dieu, et d\u00b4accorder \u00e0 la gratitude le caract\u00e8re de \u201cdevoir\u201d \u00e0 assumer, aussi bien envers Dieu qu\u00b4envers les hommes. Le chr\u00e9tien est parfaitement conscient de l\u00b4amour infini que Dieu lui porte et de ce \u201cdevoir\u201dde gratitude qu\u00b4il a envers le Seigneur. De la m\u00eame fa\u00e7on, il sait tr\u00e8s bien que la gratitude est pour lui une obligation \u00e0 remplir \u00e0 l\u00b4\u00e9gard de son prochain &#8211; la famille, les amis et tous ceux qui ont agi pour son bien en g\u00e9n\u00e9ral -. L\u00b4\u201c<strong>\u00c9cole de Gratitude<\/strong>\u201d va donc tenter d\u00b4\u00e9veiller chez l\u00b4 &#8220;\u00e9l\u00e8ve\u201d qui s\u00b4y rend, la conscience de cette dette et de ce devoir. Il s\u00b4agit en r\u00e9alit\u00e9 de comprendre que Dieu nous aime, que beaucoup de choses vont bien dans le monde, m\u00eame si tout n\u00b4est pas parfait. Les participants \u00e0 l\u00b4\u201d<strong>\u00c9cole de Gratitude<\/strong>\u201d apprennent donc \u00e0 \u00eatre reconnaissants envers Dieu et envers leur prochain, et pour ce faire, il leur faut d\u00e9couvrir progressivement des raisons d\u00b4exprimer leur gratitude et leur reconnaissance.<\/div>\n<div><\/div>\n<div align=\"\\\">\u00a0\u00a0\u00a0\u00a0\u00a0\u00a0\u00a0\u00a0\u00a0\u00a0\u00a0 Voil\u00e0 donc expos\u00e9e bri\u00e8vement notre spiritualit\u00e9. Mais pour r\u00e9ussir \u00e0 la vivre, nous nous inspirons de deux mod\u00e8les : la Vierge Marie et Saint Fran\u00e7ois d\u00b4Assise.<\/div>\n<div><\/div>\n<div align=\"\\\">\u00a0\u00a0\u00a0\u00a0\u00a0\u00a0\u00a0\u00a0\u00a0\u00a0\u00a0 C\u00b4est \u00e0 Saint Fran\u00e7ois que le Seigneur a r\u00e9v\u00e9l\u00e9 sa profonde douleur de voir que les hommes ne l\u00b4aimaient pas et se tournaient vers Lui seulement quand ils avaient quelque chose \u00e0 lui demander. Souvenons-nous des paroles du Saint d\u00b4Assise : \u201cL\u00b4Amour n\u00b4est pas aim\u00e9\u201d. Elles sont \u00e9galement l\u00b4expression de la douleur ressentie par les chr\u00e9tiens lorsqu\u00b4ils comprennent que le Seigneur souffre de ne pas trouver chez les hommes l\u00b4amour auquel il a droit. Faire aimer l\u00b4Amour, faire aimer le Christ qui est Amour, commencer soi-m\u00eame \u00e0 l\u00b4aimer, c\u00b4est bien l\u00e0 l\u00b4objectif des \u201cmissionnaires de la gratitude\u201d, qui trouvent en Saint Fran\u00e7ois, r\u00e9p\u00e9tons-le, un mod\u00e8le de premi\u00e8re grandeur \u00e0 imiter.<\/div>\n<div><\/div>\n<div align=\"\\\">\u00a0\u00a0\u00a0\u00a0\u00a0\u00a0\u00a0\u00a0\u00a0\u00a0\u00a0 Quant \u00e0 la Vierge Marie, observons qu\u00b4elle est la seule au monde \u00e0 avoir su vivre remplie de cet esprit de reconnaissance. Rien ne la poussait en son coeur \u00e0 aimer son divin Fils, si ce n\u00b4est la gratitude. Si personne n\u00b4est capable d\u00b4aimer un enfant comme son p\u00e8re ou sa m\u00e8re, personne n\u00b4est capable de nous apprendre \u00e0 aimer J\u00e9sus comme Marie. Aucune ombre d\u00b4\u00e9go\u00efsme ou de peur ne pouvait ternir ses relations avec J\u00e9sus. Elle n\u00b4agissait pas par calcul, pour aller au ciel ou par peur de l\u00b4enfer par exemple, m\u00eame si elle aspirait \u00e0 aller au paradis. Au-del\u00e0 de son d\u00e9sir bien l\u00e9gitime d\u00b4\u00eatre sauv\u00e9e, c\u00b4est la gratitude seule qui inondait le Coeur Immacul\u00e9 de Marie. Toute sa vie constitue en permanence une \u201ceucharistie\u201d, une action de gr\u00e2ce .<\/div>\n<div><\/div>\n<div align=\"\\\">\u00a0\u00a0\u00a0\u00a0\u00a0\u00a0\u00a0\u00a0\u00a0\u00a0\u00a0 Pour \u00eatre clair et \u00e9viter toute ambig\u00fcit\u00e9, soulignons encore la dimension fondamentalement catholique de ces deux figures. Elles sont le symbole d\u00b4une profonde fid\u00e9lit\u00e9 \u00e0 l\u00b4\u00c9glise catholique, au Vicaire du Christ sur terre &#8211; le Pape -, et aux \u00c9v\u00eaques dioc\u00e9sains, les successeurs des Ap\u00f4tres. Il ne peut y avoir aucun doute sur ce point, ni pour la personne qui veut organiser une <strong>\u201c\u00c9cole de Gratitude\u201d<\/strong>, ni pour les participants franciscains.<\/div>\n<div><\/div>\n<div>DEUXI\u00c8ME \u00c9TAPE : FORMER DES GROUPES HOMOG\u00c8NES<\/div>\n<div><\/div>\n<div align=\"\\\">\u00a0Pour r\u00e9unir le groupe de personnes qui vont se retrouver \u00e0 l\u00b4 <strong>\u201c\u00c9cole de Gratitude\u201d<\/strong>, il faut r\u00e9aliser au pr\u00e9alable un v\u00e9ritable travail d\u00b4apostolat. Il s\u00b4agit en effet d\u00b4offrir aux personnes que nous croyons susceptibles d\u00b4\u00eatre int\u00e9ress\u00e9es, l\u00b4opportunit\u00e9 d\u00b4approfondir leur foi \u00e0 travers une exp\u00e9rience humaine et religieuse. Entendons-nous bien, une fois encore : ces catholiques vont s\u00b4engager \u00e0 vivre tous ensemble en parfaite harmonie avec l\u00b4\u00c9glise catholique, et en toute fid\u00e9lit\u00e9 au Pape et aux \u00c9v\u00eaques. Et c\u00b4est avec la m\u00eame fid\u00e9lit\u00e9 qu\u00b4ils doivent accepter de vivre la spiritualit\u00e9 de la gratitude et de respecter la m\u00e9thodologie suivie.<\/div>\n<div><\/div>\n<div align=\"\\\">\u00a0\u00a0\u00a0\u00a0\u00a0\u00a0\u00a0\u00a0\u00a0\u00a0\u00a0 La m\u00e9thodologie franciscaine attach\u00e9e \u00e0 la spiritualit\u00e9 de la gratitude comprend deux parties compl\u00e9mentaires : les r\u00e9unions de groupe et la pratique au quotidien. Lors de ces r\u00e9unions, &#8211; une r\u00e9union constitue en fait une <strong>\u201c\u00c9cole de Gratitude\u201d<\/strong> &#8211; chacun expose devant l\u00b4assistance le r\u00e9sultat du travail qu\u00b4il a r\u00e9alis\u00e9 pendant la semaine \u00e9coul\u00e9e et prend connaissance de la t\u00e2che \u00e0 r\u00e9aliser pour la semaine suivante. Remarquons que l\u00b4exercice \u00a0de la gratitude se joue essentiellement en dehors des r\u00e9unions de groupe. Les rencontres hebdomadaires sont simplement des haltes o\u00f9 les participants viennent raconter les exp\u00e9riences qu\u00b4ils ont v\u00e9cues pendant la semaine et qui servent de rampe de d\u00e9part \u00e0 la r\u00e9alisation de nouveaux actes d\u00b4amour. La pr\u00e9sence du Seigneur au milieu de ses disciples (Mathieu 18, 20), &#8211; si le Seigneur est v\u00e9ritablement pr\u00e9sent -, donne l\u00b4assurance de vivre une rencontre r\u00e9jouissante, r\u00e9confortante et lumineuse avec le Christ au cours de ces r\u00e9unions. Et la passion et l\u00b4enthousiasme pour aimer et faire aimer le Christ n\u00b4en seront que plus grands.<\/div>\n<div align=\"\\\">\u00a0\u00a0\u00a0\u00a0\u00a0\u00a0\u00a0\u00a0\u00a0\u00a0\u00a0 Le \u201ctravail\u201d personnel de la semaine porte essentiellement sur trois points, tous de m\u00eame importance et compl\u00e9mentaires. Le premier concerne la vie spirituelle (obligation de la pri\u00e8re quotidienne, de l\u00b4assistance \u00e0 l\u00b4eucharistie chaque jour si possible, et de la confession r\u00e9guli\u00e8re). Le second point touche la formation individuelle (dans le cadre de la pri\u00e8re journali\u00e8re, il doit y avoir un moment r\u00e9serv\u00e9 \u00e0 la m\u00e9ditation sur les raisons d\u00b4exprimer sa reconnaissance \u00e0 Dieu, en suivant pour cela le \u201cTh\u00e8me de Formation mensuelle\u201d). Le troisi\u00e8me point est orient\u00e9 vers l\u00b4application pratique de l\u00b4\u00c9vangile au quotidien. Il s\u00b4agit ici de d\u00e9montrer son affection au Seigneur par des actes d\u00b4amour concrets (en mettant en oeuvre\u00a0la r\u00e9solution propos\u00e9e chaque semaine dans la \u201cparole de vie\u201d tir\u00e9e de l\u00b4\u00c9vangile du dimanche).<\/div>\n<div>\u00a0\u00a0\u00a0\u00a0\u00a0\u00a0\u00a0\u00a0\u00a0\u00a0\u00a0 Par ailleurs, outre la t\u00e2che hebdomadaire que doit r\u00e9aliser chaque franciscain participant \u00e0 l\u00b4<strong>\u201d\u00c9cole de Gratitude\u201d, <\/strong>et dont il a \u00e0 rendre compte lors des r\u00e9unions de groupe, tous les Franciscains de Marie sont invit\u00e9s (et c\u00b4est un engagement pour ceux qui ont prononc\u00e9 leurs promesses) \u00a0\u00e0 s\u00b4investir, dans la mesure du possible, dans des activit\u00e9s volontaires au service des plus d\u00e9munis.<\/div>\n<div><\/div>\n<div align=\"\\\">\u00a0\u00a0\u00a0\u00a0\u00a0\u00a0\u00a0\u00a0\u00a0\u00a0\u00a0 Les <strong>\u201c\u00c9coles de Gratitude\u201d <\/strong>sont ouvertes \u00e0 tous<strong>, <\/strong>m\u00eame \u00e0 ceux qui appartiennent \u00e0 d\u00b4autres mouvements de spiritualit\u00e9 de l\u00b4\u00c9glise ; il leur suffira dans ce cas d\u00b4\u00e9viter les confusions et de vivre ces exp\u00e9riences comme compl\u00e9mentaires.<\/div>\n<div align=\"\\\">\u00a0\u00a0\u00a0\u00a0\u00a0\u00a0\u00a0\u00a0\u00a0\u00a0\u00a0 Le groupe peut \u00e9videmment se constituer \u00e0 partir de personnes de toute condition : mari\u00e9es, c\u00e9libataires, jeunes ou \u00e2g\u00e9es. Il doit \u00eatre homog\u00e8ne, dans la mesure du possible, compos\u00e9 de personnes d\u00b4\u00e2ge correspondant ou de m\u00eame situation civile. Une <strong>\u201c\u00c9cole de Gratitude\u201d <\/strong>de jeunes, une autre de couples mari\u00e9s, ou une autre encore de personne \u00e2g\u00e9es, par exemple, permettent d\u00b4\u00e9tablir une meilleure communication entre les participants.<\/div>\n<div><\/div>\n<div>TROISI\u00c8ME \u00c9TAPE : GRANDIR ENSEMBLE DANS L\u00b4UNIT\u00c9<\/div>\n<div><\/div>\n<div align=\"\\\">\u00a0\u00a0\u00a0\u00a0\u00a0\u00a0\u00a0\u00a0\u00a0\u00a0\u00a0 Les personnes anim\u00e9es de cet esprit de reconnaissance envers Dieu et qui ont l\u00b4intention d\u00b4organiser une <strong>\u201c\u00c9cole de Gratitude\u201d<\/strong> voudront bien se mettre en contact avec le p\u00e8re Santiago Mart\u00edn, le fondateur de cette spiritualit\u00e9. Il est primordial de vivre cette spiritualit\u00e9 dans l\u00b4unit\u00e9 pour pouvoir grandir de fa\u00e7on coh\u00e9rente, droite, sans erreurs ni d\u00e9rives. Sinon, il existe un risque de manipulation du charisme de la gratitude, en usurpant un nom et un projet. S\u00b4il est vrai que les<strong>\u201c\u00c9coles de Gratitude\u201d <\/strong>disposent d\u00b4une grande marge d\u00b4autonomie, il n\u00b4en reste pas moins que la mise en oeuvre de cette spiritualit\u00e9 doit se r\u00e9aliser dans l\u00b4unit\u00e9 car il n\u00b4y a pas d\u00b4unit\u00e9 sans amour. Et sans amour la gratitude n\u00b4a pas de sens.<\/div>\n<div><strong>\u00a0<\/strong><\/div>\n<div><strong>\u00a0\u00a0\u00a0\u00a0\u00a0\u00a0\u00a0\u00a0\u00a0\u00a0\u00a0 <\/strong>Pour obtenir d\u00b4autres informations ou des \u00e9claircissements sur cette spiritualit\u00e9 de la gratitude des Franciscains de Marie, s\u00b4adresser \u00e0 <a href=\"http:\/\/frmaria.org\/%22\/\/%22\/\/\/\/%22\/\/\/\/\/\/\/\/%22mailto:consultas@frmar%C3%ADa.org\/\/\/\/\/\/\/\/%22\/\/\/\/%22\/\/%22\/%22\">consultas@frmar\u00eda.org ou au coordinateur national de chaque pays (voir la rubrique<strong> \u201cContacts\u201d<\/strong> sur cette m\u00eame page web)<\/a><\/div>\n<div><\/div>\n<div align=\"\\\">\u00a0\u00a0\u00a0\u00a0\u00a0\u00a0\u00a0\u00a0\u00a0\u00a0\u00a0 R\u00e9p\u00e9tons-le, le d\u00e9sir profond des Franciscains de Marie est de peupler le monde de personnes qui sachent \u00e9tablir des liens de reconnaissance et de gratitude envers Dieu et leur prochain ; des fid\u00e8les qui soient capables de s\u00b4adresser au Seigneur pour demander son secours, certes, mais aussi soucieux de lui rendre gr\u00e2ce et de s\u00b4offrir \u00e0 Lui. L\u00b4id\u00e9al serait de voir les chr\u00e9tiens vivre une relation si profonde avec Dieu que, si Saint Fran\u00e7ois revivait sa vision, il puisse dire en souriant : \u201cOui, l\u00b4Amour est aim\u00e9\u201d.<\/div>\n<div align=\"\\\">\u00a0\u00a0\u00a0\u00a0\u00a0\u00a0\u00a0\u00a0\u00a0\u00a0\u00a0 C\u00b4est notre volont\u00e9 d\u00b4aimer l\u00b4Amour et de le faire aimer. Et c\u00b4est bien pourquoi nous nous appelons les \u201cmissionnaires de la gratitude\u201d. Mais notre mission sera vou\u00e9e \u00e0 l\u00b4\u00e9chec si nous ne sommes pas \u00e9troitement unis \u00e0 la hi\u00e9rarchie de l\u00b4\u00c9glise et aussi entre nous. C\u00b4est le Christ m\u00eame qui l\u00b4a dit dans sa pri\u00e8re au P\u00e8re avant de mourir, comme un testament : \u201cP\u00e8re, qu\u00b4ils soient un, pour que le monde croie\u201d. Et finalement, cette unit\u00e9 \u00a0nous renforcera dans notre apostolat.<\/div>\n<div><\/div>\n","protected":false},"excerpt":{"rendered":"<p>PREMI\u00c8RE \u00c9TAPE : CONNA\u00ceTRE ET VIVRE LA SPIRITUALIT\u00c9 \u00a0\u00a0\u00a0\u00a0\u00a0\u00a0\u00a0\u00a0\u00a0\u00a0\u00a0 La personne int\u00e9ress\u00e9e \u00e0 mettre en place une \u201c\u00c9cole de Gratitude\u201d doit avant tout bien conna\u00eetre la spiritualit\u00e9 des Franciscains de Marie et la pratiquer au quotidien. L\u00b4exp\u00e9rience du protocole s\u00b4av\u00e8re<span class=\"ellipsis\">&hellip;<\/span><\/p>\n<div class=\"read-more\"><a href=\"https:\/\/franciscanosdemaria.org\/fr\/comment-fonctionne-une-ecole-de-reconnaissance\/\">Leer m\u00e1s \u203a<\/a><\/div>\n<p><!-- end of .read-more --><\/p>\n","protected":false},"author":1,"featured_media":0,"parent":0,"menu_order":0,"comment_status":"closed","ping_status":"open","template":"","meta":[],"_links":{"self":[{"href":"https:\/\/franciscanosdemaria.org\/fr\/wp-json\/wp\/v2\/pages\/396"}],"collection":[{"href":"https:\/\/franciscanosdemaria.org\/fr\/wp-json\/wp\/v2\/pages"}],"about":[{"href":"https:\/\/franciscanosdemaria.org\/fr\/wp-json\/wp\/v2\/types\/page"}],"author":[{"embeddable":true,"href":"https:\/\/franciscanosdemaria.org\/fr\/wp-json\/wp\/v2\/users\/1"}],"replies":[{"embeddable":true,"href":"https:\/\/franciscanosdemaria.org\/fr\/wp-json\/wp\/v2\/comments?post=396"}],"version-history":[{"count":4,"href":"https:\/\/franciscanosdemaria.org\/fr\/wp-json\/wp\/v2\/pages\/396\/revisions"}],"predecessor-version":[{"id":482,"href":"https:\/\/franciscanosdemaria.org\/fr\/wp-json\/wp\/v2\/pages\/396\/revisions\/482"}],"wp:attachment":[{"href":"https:\/\/franciscanosdemaria.org\/fr\/wp-json\/wp\/v2\/media?parent=396"}],"curies":[{"name":"wp","href":"https:\/\/api.w.org\/{rel}","templated":true}]}}