{"id":318,"date":"2015-10-15T16:55:02","date_gmt":"2015-10-15T16:55:02","guid":{"rendered":"http:\/\/franciscanosdemaria.org\/?page_id=318"},"modified":"2021-07-08T17:14:03","modified_gmt":"2021-07-08T17:14:03","slug":"donde-estamos","status":"publish","type":"page","link":"https:\/\/franciscanosdemaria.org\/es\/donde-estamos\/","title":{"rendered":"D\u00f3nde estamos"},"content":{"rendered":"<p>Para contactar con nosotros escriba a: <a href=\"mailto:consultas@frmaria.org\"><strong>consultas@frmaria.org<\/strong><\/a><\/p>\n<table cellpadding=\"5\">\n<tbody>\n<tr>\n<td align=\"left\" bgcolor=\"#99ccff\"><strong>PA\u00edS<\/strong><\/td>\n<td align=\"left\" bgcolor=\"#99ccff\"><strong>NOMBRE<\/strong><\/td>\n<td align=\"left\" bgcolor=\"#99ccff\"><strong>E-MAIL<\/strong><\/td>\n<\/tr>\n<tr>\n<td align=\"left\" bgcolor=\"#efefef\"><strong>Argentina<\/strong><\/td>\n<td align=\"left\">Fernando Videla (Buenos Aires)<\/td>\n<td align=\"left\">fvidela@fibertel.com.ar<\/td>\n<\/tr>\n<tr>\n<td align=\"left\" bgcolor=\"#efefef\"><strong>Australia<\/strong><\/td>\n<td align=\"left\">Ariel Arias (Sidney)<\/td>\n<td align=\"left\">arias.ariel@gmail.com<\/td>\n<\/tr>\n<tr>\n<td align=\"left\" bgcolor=\"#efefef\"><strong>Bolivia<\/strong><\/td>\n<td align=\"left\">Rosario Cano (Santa Cruz)<\/td>\n<td align=\"left\">rosquicano@hotmail.com<\/td>\n<\/tr>\n<tr>\n<td align=\"left\" bgcolor=\"#efefef\"><strong>Canad\u00e1<\/strong><\/td>\n<td align=\"left\">Fabio Bustamante (Niagara Falls)<\/td>\n<td align=\"left\">fabio.bustamante@niagara.ymca.ca<\/td>\n<\/tr>\n<tr>\n<td align=\"left\" bgcolor=\"#efefef\"><strong>Chile<\/strong><\/td>\n<td align=\"left\">Sonia Dom\u00ednguez (Santiago)<\/td>\n<td align=\"left\">msoniadominguez@gmail.com<\/td>\n<\/tr>\n<tr>\n<td align=\"left\" bgcolor=\"#efefef\"><strong>Colombia<\/strong><\/td>\n<td align=\"left\">Mar\u00eda Teresa Cepeda (Bogot\u00e1)<\/td>\n<td align=\"left\">pomarrosas@hotmail.com<\/td>\n<\/tr>\n<tr>\n<td align=\"left\" bgcolor=\"#efefef\"><strong>Costa Rica<\/strong><\/td>\n<td align=\"left\">Edgar Piza (San Jos\u00e9)<\/td>\n<td align=\"left\">edpiza@yahoo.com<\/td>\n<\/tr>\n<tr>\n<td align=\"left\" bgcolor=\"#efefef\"><strong>Ecuador<\/strong><\/td>\n<td align=\"left\">Lorena Mora (Guayaquil)<\/td>\n<td align=\"left\">lorenamoraz@gmail.com<\/td>\n<\/tr>\n<tr>\n<td align=\"left\" bgcolor=\"#efefef\"><strong>El Salvador<\/strong><\/td>\n<td align=\"left\">Alfredo Ruiz (San Salvador)<\/td>\n<td align=\"left\">franciscanosdemaria@hotmail.com<\/td>\n<\/tr>\n<tr>\n<td align=\"left\" bgcolor=\"#efefef\"><strong>Espa\u00f1a<\/strong><\/td>\n<td align=\"left\">P. Francisco Javier Mart\u00edn (Madrid)<\/td>\n<td align=\"left\">fjmbautista@hotmail.com<\/td>\n<\/tr>\n<tr>\n<td align=\"left\" bgcolor=\"#efefef\"><strong>Espa\u00f1a<\/strong><\/td>\n<td align=\"left\">Carmen y Jos\u00e9 Luis Bosch (Valencia)<\/td>\n<td align=\"left\">frmaria_valencia@hotmail.com<\/td>\n<\/tr>\n<tr>\n<td align=\"left\" bgcolor=\"#efefef\"><strong>Estados Unidos<\/strong><\/td>\n<td align=\"left\">P. Eder Estrada (Coatesville. PA)<\/td>\n<td align=\"left\">eder@frmaria.org<\/td>\n<\/tr>\n<tr>\n<td align=\"left\" bgcolor=\"#efefef\"><strong>Estados Unidos<\/strong><\/td>\n<td align=\"left\">Luis Barrenechea (Houston)<\/td>\n<td align=\"left\">luis@wmc-us.com<\/td>\n<\/tr>\n<tr>\n<td align=\"left\" bgcolor=\"#efefef\"><strong>Estados Unidos<\/strong><\/td>\n<td align=\"left\">Elena Srouji (Miami)<\/td>\n<td align=\"left\">ecsrouji@gmail.com<\/td>\n<\/tr>\n<tr>\n<td align=\"left\" bgcolor=\"#efefef\"><strong>Estados Unidos<\/strong><\/td>\n<td align=\"left\">Carlos Guti\u00e9rrez (Houston)<\/td>\n<td align=\"left\">fagulusa@gmail.com<\/td>\n<\/tr>\n<tr>\n<td align=\"left\" bgcolor=\"#efefef\"><strong>Estados Unidos<\/strong><\/td>\n<td align=\"left\">Marcos Medina (Nueva York)<\/td>\n<td align=\"left\">fmnewyork@frmaria.org<\/td>\n<\/tr>\n<tr>\n<td align=\"left\" bgcolor=\"#efefef\"><strong>Guatemala<\/strong><\/td>\n<td align=\"left\">P. Benjam\u00edn Bueno (Pal\u00edn)<\/td>\n<td align=\"left\">benjam\u00edn@frmaria.org<\/td>\n<\/tr>\n<tr>\n<td align=\"left\" bgcolor=\"#efefef\"><strong>Guatemala<\/strong><\/td>\n<td align=\"left\">Luis y Carmen Lara (Guatemala)<\/td>\n<td align=\"left\">pichimonla@gmail.com<\/td>\n<\/tr>\n<tr>\n<td align=\"left\" bgcolor=\"#efefef\"><strong>Holanda<\/strong><\/td>\n<td align=\"left\">Rosario Miranda (Wageninger)<\/td>\n<td align=\"left\">rmiranda425@gmail.com<\/td>\n<\/tr>\n<tr>\n<td align=\"left\" bgcolor=\"#efefef\"><strong>Honduras<\/strong><\/td>\n<td align=\"left\">Liliana Kafie (San Pedro Sula)<\/td>\n<td align=\"left\">Liliana.kafie@gmail.com<\/td>\n<\/tr>\n<tr>\n<td align=\"left\" bgcolor=\"#efefef\"><strong>M\u00e9xico<\/strong><\/td>\n<td align=\"left\">Juan Carlos Sala (C. M\u00e9xico)<\/td>\n<td align=\"left\">salajuan@acerosturia.com.mx<\/td>\n<\/tr>\n<tr>\n<td align=\"left\" bgcolor=\"#efefef\"><strong>M\u00e9xico<\/strong><\/td>\n<td align=\"left\">Andrea Ortega (C. M\u00e9xico)<\/td>\n<td align=\"left\">andi11@prodigy.net.mx<\/td>\n<\/tr>\n<tr>\n<td align=\"left\" bgcolor=\"#efefef\"><strong>Nicaragua<\/strong><\/td>\n<td align=\"left\">Melva S. de Montiel (Granada)<\/td>\n<td align=\"left\">menusa02@gmail.com<\/td>\n<\/tr>\n<tr>\n<td align=\"left\" bgcolor=\"#efefef\"><strong>Panam\u00e1<\/strong><\/td>\n<td align=\"left\">Mar\u00eda de Morales (Panam\u00e1)<\/td>\n<td align=\"left\">mari@frenos.cc<\/td>\n<\/tr>\n<tr>\n<td align=\"left\" bgcolor=\"#efefef\"><strong>Per\u00fa<\/strong><\/td>\n<td align=\"left\">Patricia Muro (Lima)<\/td>\n<td align=\"left\">capamull@hotmail.com<\/td>\n<\/tr>\n<tr>\n<td align=\"left\" bgcolor=\"#efefef\"><strong>Polonia<\/strong><\/td>\n<td align=\"left\">P.Jarek Kazmierczak (Nowa Cerkiew)<\/td>\n<td align=\"left\">jarek@frmaria.org<\/td>\n<\/tr>\n<tr>\n<td align=\"left\" bgcolor=\"#efefef\"><strong>Puerto Rico<\/strong><\/td>\n<td align=\"left\">Miguel \u00c1ngel Vega (Arecibo)<\/td>\n<td align=\"left\">mvega@logiconpr.com<\/td>\n<\/tr>\n<tr>\n<td align=\"left\" bgcolor=\"#efefef\"><strong>Rep\u00fablica Dominicana<\/strong><\/td>\n<td align=\"left\">Rosario N\u00fa\u00f1ez (Santo Domingo)<\/td>\n<td align=\"left\">rnunez@transunion.com.do<\/td>\n<\/tr>\n<tr>\n<td align=\"left\" bgcolor=\"#efefef\"><strong>Sri Lanka<\/strong><\/td>\n<td align=\"left\">P. Bede da Silva (Galle)<\/td>\n<td align=\"left\">bedesilva@sltnet.lk<\/td>\n<\/tr>\n<tr>\n<td align=\"left\" bgcolor=\"#efefef\"><strong>Uruguay<\/strong><\/td>\n<td align=\"left\">Lidia Calabuig (Montevideo)<\/td>\n<td align=\"left\">lidia@adinet.com.uy<\/td>\n<\/tr>\n<tr>\n<td align=\"left\" bgcolor=\"#efefef\"><strong>Venezuela<\/strong><\/td>\n<td align=\"left\">Cati y Juan Jes\u00fas Mora (Valencia)<\/td>\n<td align=\"left\">morabello@telcel.net.ve<\/td>\n<\/tr>\n<\/tbody>\n<\/table>\n","protected":false},"excerpt":{"rendered":"<p>Para contactar con nosotros escriba a: consultas@frmaria.org PA\u00edS NOMBRE E-MAIL Argentina Fernando Videla (Buenos Aires) fvidela@fibertel.com.ar Australia Ariel Arias (Sidney) arias.ariel@gmail.com Bolivia Rosario Cano (Santa Cruz) rosquicano@hotmail.com Canad\u00e1 Fabio Bustamante (Niagara Falls) fabio.bustamante@niagara.ymca.ca Chile Sonia Dom\u00ednguez (Santiago) msoniadominguez@gmail.com Colombia Mar\u00eda<span class=\"ellipsis\">&hellip;<\/span><\/p>\n<div class=\"read-more\"><a href=\"https:\/\/franciscanosdemaria.org\/es\/donde-estamos\/\">Leer m\u00e1s \u203a<\/a><\/div>\n<p><!-- end of .read-more --><\/p>\n","protected":false},"author":1,"featured_media":0,"parent":0,"menu_order":0,"comment_status":"closed","ping_status":"open","template":"","meta":[],"_links":{"self":[{"href":"https:\/\/franciscanosdemaria.org\/it\/wp-json\/wp\/v2\/pages\/318"}],"collection":[{"href":"https:\/\/franciscanosdemaria.org\/it\/wp-json\/wp\/v2\/pages"}],"about":[{"href":"https:\/\/franciscanosdemaria.org\/it\/wp-json\/wp\/v2\/types\/page"}],"author":[{"embeddable":true,"href":"https:\/\/franciscanosdemaria.org\/it\/wp-json\/wp\/v2\/users\/1"}],"replies":[{"embeddable":true,"href":"https:\/\/franciscanosdemaria.org\/it\/wp-json\/wp\/v2\/comments?post=318"}],"version-history":[{"count":3,"href":"https:\/\/franciscanosdemaria.org\/it\/wp-json\/wp\/v2\/pages\/318\/revisions"}],"predecessor-version":[{"id":8947,"href":"https:\/\/franciscanosdemaria.org\/it\/wp-json\/wp\/v2\/pages\/318\/revisions\/8947"}],"wp:attachment":[{"href":"https:\/\/franciscanosdemaria.org\/it\/wp-json\/wp\/v2\/media?parent=318"}],"curies":[{"name":"wp","href":"https:\/\/api.w.org\/{rel}","templated":true}]}}