{"id":350,"date":"2015-10-15T16:58:31","date_gmt":"2015-10-15T16:58:31","guid":{"rendered":"http:\/\/franciscanosdemaria.org\/?page_id=350"},"modified":"2017-06-27T16:06:21","modified_gmt":"2017-06-27T16:06:21","slug":"parroquias","status":"publish","type":"page","link":"https:\/\/franciscanosdemaria.org\/es\/parroquias\/","title":{"rendered":"Parroquias"},"content":{"rendered":"<p><strong>1.- Parroquia Mar\u00eda Virgen Madre. Madrid. Espa\u00f1a <\/strong> <a class=\"sin\" href=\"http:\/\/www.parroquiamariavirgenmadre.org\/\">www.parroquiamariavirgenmadre.org<\/a><\/p>\n<p><strong>2.- Parroquia San Crist\u00f3bal. Pal\u00edn. Escuintla. Guatemala <\/strong><a class=\"sin\" href=\"http:\/\/https:\/\/www.facebook.com\/groups\/220612894684262\/\">https:\/\/www.facebook.com\/groups\/220612894684262<\/a><\/p>\n<p><strong>3.- Saint Joseph Parish. Coatesville. Philadelphia. Estados Unidos <\/strong><a class=\"sin\" href=\"http:\/\/www.stjosephcoatesville.org\/\">www.stjosephcoatesville.org<\/a><\/p>\n<p><strong>4.- Parroquias San Bruno y Santo Domingo. Santiago de Chile. Chile <\/strong><a class=\"sin\" href=\"http:\/\/www.parroquiasbrunoydomingo.org\/\">www.parroquiasbrunoydomingo.org<\/a><\/p>\n<p>&nbsp;<\/p>\n","protected":false},"excerpt":{"rendered":"<p>1.- Parroquia Mar\u00eda Virgen Madre. Madrid. Espa\u00f1a www.parroquiamariavirgenmadre.org 2.- Parroquia San Crist\u00f3bal. Pal\u00edn. Escuintla. Guatemala https:\/\/www.facebook.com\/groups\/220612894684262 3.- Saint Joseph Parish. Coatesville. Philadelphia. Estados Unidos www.stjosephcoatesville.org 4.- Parroquias San Bruno y Santo Domingo. Santiago de Chile. Chile www.parroquiasbrunoydomingo.org &nbsp;<\/p>\n","protected":false},"author":1,"featured_media":0,"parent":0,"menu_order":0,"comment_status":"closed","ping_status":"open","template":"","meta":[],"_links":{"self":[{"href":"https:\/\/franciscanosdemaria.org\/pl\/wp-json\/wp\/v2\/pages\/350"}],"collection":[{"href":"https:\/\/franciscanosdemaria.org\/pl\/wp-json\/wp\/v2\/pages"}],"about":[{"href":"https:\/\/franciscanosdemaria.org\/pl\/wp-json\/wp\/v2\/types\/page"}],"author":[{"embeddable":true,"href":"https:\/\/franciscanosdemaria.org\/pl\/wp-json\/wp\/v2\/users\/1"}],"replies":[{"embeddable":true,"href":"https:\/\/franciscanosdemaria.org\/pl\/wp-json\/wp\/v2\/comments?post=350"}],"version-history":[{"count":1,"href":"https:\/\/franciscanosdemaria.org\/pl\/wp-json\/wp\/v2\/pages\/350\/revisions"}],"predecessor-version":[{"id":3381,"href":"https:\/\/franciscanosdemaria.org\/pl\/wp-json\/wp\/v2\/pages\/350\/revisions\/3381"}],"wp:attachment":[{"href":"https:\/\/franciscanosdemaria.org\/pl\/wp-json\/wp\/v2\/media?parent=350"}],"curies":[{"name":"wp","href":"https:\/\/api.w.org\/{rel}","templated":true}]}}