{"id":398,"date":"2015-12-01T22:51:52","date_gmt":"2015-12-01T22:51:52","guid":{"rendered":"http:\/\/franciscanosdemaria.org\/es\/?page_id=398"},"modified":"2017-06-26T21:42:20","modified_gmt":"2017-06-26T21:42:20","slug":"jak-funkcjonuja-szkoly-wdziecznosci","status":"publish","type":"page","link":"https:\/\/franciscanosdemaria.org\/pl\/jak-funkcjonuja-szkoly-wdziecznosci\/","title":{"rendered":"Jak funkcjonuj\u0105 szko\u0142y wdzi\u0119czno\u015bci"},"content":{"rendered":"<p class=\"\\\"><strong><u>KROK PIERWSZY: ZNA\u0106 I \u017bY\u0106 DUCHOWO\u015aCI\u0104<\/u><\/strong><\/p>\n<p class=\"\\\">\u00a0\u00a0\u00a0\u00a0\u00a0 Aby stworzy\u0107 \u201eszko\u0142\u0119 wdzi\u0119czno\u015bci\u201d konieczne jest, aby ten, kto j\u0105 tworzy pozna\u0142 najpierw duchowo\u015b\u0107 Franciszkan\u00f3w Maryi oraz stara\u0142 si\u0119 j\u0105 praktykowa\u0107. Tak\u017ce powinien zna\u0107, przynajmniej teoretycznie, wszelkie metody funkcjonowania takich szk\u00f3\u0142.<\/p>\n<p class=\"\\\">Duchowo\u015b\u0107 wdzi\u0119czno\u015bci jest duchowo\u015bci\u0105 o wielu twarzach, ale mo\u017cna j\u0105 okre\u015bli\u0107 jednym s\u0142owem, wskazuj\u0105c na dwie osoby, jako wzory \u017cycia tym s\u0142owem. Tym s\u0142owem jest <em>wdzi\u0119czno\u015b\u0107<\/em>, a wzorami s\u0105 Naj\u015bwi\u0119tsza Maryja Panna i \u015bwi\u0119ty Franciszek z Asy\u017cu.<\/p>\n<p class=\"\\\">\u00a0\u00a0\u00a0\u00a0\u00a0 <strong>Wdzi\u0119czno\u015b\u0107<\/strong> jest cnot\u0105 ludzk\u0105, kt\u00f3r\u0105 wszyscy powinni\u015bmy praktykowa\u0107, aby stawa\u0107 si\u0119 osobami prawdziwie dojrza\u0142ymi. Z tej czysto ludzkiej perspektywy, okazuje si\u0119 j\u0105 wobec wielu ludzi: rodzicom, kt\u00f3rzy dali nam \u017cycie; wszystkim, kt\u00f3rzy wspieraj\u0105 nas b\u0105d\u017a wspierali \u00a0w jakimkolwiek momencie naszego \u017cycia, darz\u0105c nas \u017cyczliwo\u015bci\u0105 i udzielaj\u0105c pomocy; kt\u00f3rzy nam pomagali w sprawach ekonomicznych lub zawodowych; kt\u00f3rzy mieli sw\u00f3j udzia\u0142 w naszym rozwoju,\u2026 i tak mo\u017cna wylicza\u0107 bez ko\u0144ca. Jednak, przede wszystkim, wdzi\u0119czno\u015b\u0107 jest cnot\u0105 o g\u0142\u0119bokich korzeniach chrze\u015bcija\u0144skich, bo nie na darmo Chrystus chcia\u0142, by Jego liturgia, czyli najdoskonalszy spos\u00f3b nawi\u0105zywania relacji mi\u0119dzy cz\u0142owiekiem a Bogiem, by\u0142 \u201eaktem wdzi\u0119czno\u015bci\u201d &#8211; czyli \u201eEucharysti\u0105\u201d. \u017by\u0107 wdzi\u0119czno\u015bci\u0105 z perspektywy chrze\u015bcija\u0144stwa oznacza \u017cy\u0107 ni\u0105 z perspektywy ludzkiej i nada\u0107 jej duchowy wymiar. Inaczej m\u00f3wi\u0105c: wprowadzi\u0107\u00a0 motywy wdzi\u0119czno\u015bci d\u0142ug mi\u0142o\u015bci, jaki mamy wzgl\u0119dem Boga, to nada\u0107 wdzi\u0119czno\u015bci charakter \u201epowinno\u015bci\u201d, zar\u00f3wno, gdy odnosi si\u0119 j\u0105 do Boga, jak i do ludzi. Chrze\u015bcijanin jest \u015bwiadomy niesko\u0144czonej mi\u0142o\u015bci, jak\u0105 B\u00f3g go obdarza i wie, \u017ce jest d\u0142u\u017cny swemu Bogu wdzi\u0119czno\u015b\u0107, wie r\u00f3wnie\u017c, \u017ce wdzi\u0119czno\u015b\u0107 nale\u017cy si\u0119 tak\u017ce jego bli\u017anim \u2013 rodzinie, przyjacio\u0142om i tym wszystkim, kt\u00f3rzy w jakikolwiek spos\u00f3b co\u015b dla niego uczynili. \u201eSzko\u0142a wdzi\u0119czno\u015bci\u201d ma na celu obudzenie w \u201euczniu\u201d ucz\u0119szczaj\u0105cym do niej \u015bwiadomo\u015b\u0107 tego d\u0142ugu i obowi\u0105zku. Chodzi wi\u0119c o zdawania sobie sprawy z tego, \u017ce B\u00f3g nas kocha i \u017ce bardzo wiele rzeczy na tym \u015bwiecie nam si\u0119 uk\u0142ada, pomimo tego, \u017ce niekt\u00f3re nam si\u0119 nie udaj\u0105. Dlatego ucz\u0119szcza si\u0119 na \u201eszko\u0142\u0119 wdzi\u0119czno\u015bci\u201d, aby nauczy\u0107 si\u0119 by\u0107 wdzi\u0119cznym \u2013 Bogu i bli\u017aniemu. Aby tak by\u0142o, nale\u017cy odkry\u0107, jakie mog\u0105 by\u0107 motywy wdzi\u0119czno\u015bci.<\/p>\n<p class=\"\\\">\u00a0\u00a0\u00a0\u00a0\u00a0\u00a0\u00a0\u00a0\u00a0\u00a0 \u00a0I w\u0142a\u015bnie w realizacji takiej duchowo\u015bci, najpi\u0119kniejszymi wzorami do na\u015bladowania ich \u017cycia s\u0105 Naj\u015bwi\u0119tsza Maryja Panna i \u015bwi\u0119ty Franciszek z Asy\u017cu. To w\u0142a\u015bnie \u015bwi\u0119temu Franciszkowi Pan objawi\u0142, \u017ce brak mi\u0142o\u015bci ze strony ludzi oraz to, \u017ce tylko zwracaj\u0105 si\u0119 do Niego, by o co\u015b prosi\u0107, sprawia Mu b\u00f3l. S\u0142owa \u015bwi\u0119tego z Asy\u017cu\u201d: \u201emi\u0142o\u015b\u0107 nie jest kochana\u201d s\u0105 wyrazem cierpienia, kt\u00f3rego do\u015bwiadczaj\u0105 ci chrze\u015bcijanie, kt\u00f3rzy pojmuj\u0105, \u017ce Pan cierpi nie znajduj\u0105c w sercach ludzkich mi\u0142o\u015bci, do kt\u00f3rej ma ca\u0142kowite prawo. Sprawia\u0107, by kochano Mi\u0142o\u015b\u0107, sprawia\u0107, by kochano Chrystusa, kt\u00f3ry jest Mi\u0142o\u015bci\u0105 i samemu Go kocha\u0107, jest celem \u201emisjonarzy wdzi\u0119czno\u015bci\u201d i, jak ju\u017c zosta\u0142o powiedziane, maj\u0105 oni w osobie \u015bw. Franciszka wspania\u0142y historyczny wz\u00f3r.<\/p>\n<p class=\"\\\">Natomiast Matka Naj\u015bwi\u0119tsza, bardziej ni\u017c ktokolwiek \u017cy\u0142a t\u0105 duchowo\u015bci\u0105, bo w Jej Niepokalanym Sercu nie by\u0142o \u017cadnej innej motywacji mi\u0142o\u015bci do swego Boskiego Syna, jak czysta wdzi\u0119czno\u015b\u0107. Nikt nie kocha dzieci, tak jak to czyni ojciec lub matka, a wi\u0119c tym bardziej nikt nie mo\u017ce nas lepiej nauczy\u0107 mi\u0142o\u015bci do Jezusa, ni\u017c Maryja. W Jej relacji\u00a0 do Jezusa nie by\u0142o cienia egoizmu, ani \u017cadnego strachu. Nic nie czyni\u0142a kieruj\u0105c si\u0119 ch\u0119ci\u0105 p\u00f3j\u015bcia do nieba, czy te\u017c ze strachu przed p\u00f3j\u015bciem do piek\u0142a, cho\u0107 oczywiste jest, \u017ce Jej pragnieniem by\u0142o wieczne \u017cycie w niebie. Jednak ponad w\u0142asny interes zbawienia siebie, w Niepokalanym Sercu Maryi, go\u015bci\u0142a wielka wdzi\u0119czno\u015b\u0107 ku Bogu. Ca\u0142e Jej \u017cycie by\u0142o prawdziw\u0105 \u201eEucharysti\u0105\u201d, nieustannym aktem dzi\u0119kczynienia.<\/p>\n<p class=\"\\\">\u00a0\u00a0\u00a0\u00a0\u00a0\u00a0\u00a0 Wa\u017cne jest wyja\u015bnienie od samego pocz\u0105tku, \u017ce zar\u00f3wno Naj\u015bwi\u0119tsza Maryja Panna, jak i \u015bw. Franciszek s\u0105 to dwie osoby na wskro\u015b katolickie. I jako takie ukierunkowuj\u0105 nas ku ca\u0142kowitej wierno\u015bci Ko\u015bcio\u0142owi katolickiemu \u2013 ku Wikariuszowi Chrystusa na ziemi, ku Ojcu \u015awi\u0119temu oraz biskupom diecezjalnym, czyli nast\u0119pcom Aposto\u0142\u00f3w. Co do tej prawdy, nie powinno by\u0107 nawet cienia w\u0105tpliwo\u015bci, zar\u00f3wno u kogo\u015b, kto kieruje grup\u0105, jak i u ka\u017cdego z uczestnik\u00f3w.<\/p>\n<h1><u>DRUGI KROK: ZEBRA\u0106 ODPOWIEDNIE OSOBY<\/u><\/h1>\n<p class=\"\\\">\u00a0\u00a0\u00a0\u00a0\u00a0 Wiedz\u0105c ju\u017c, czego si\u0119 szuka, przychodz\u0105c do takiej \u201eszko\u0142y wdzi\u0119czno\u015bci\u201d &#8211; i aby taka odpowiednio funkcjonowa\u0142a \u2013 nale\u017cy rozpocz\u0105\u0107 takie dzia\u0142ania apostolskie, poprzez kt\u00f3re ci, kt\u00f3rzy b\u0119d\u0105 zainteresowani, b\u0119d\u0105 mogli rozwija\u0107 si\u0119 na p\u0142aszczy\u017anie ludzkiej i religijnej. Bardzo wa\u017cn\u0105 rzecz\u0105 jest postawienie jasno sprawy, o kt\u00f3rej powy\u017cej pisali\u015bmy: jeste\u015bmy grup\u0105 katolik\u00f3w, kt\u00f3rzy chc\u0105 by\u0107 zawsze w \u0142\u0105czno\u015bci z Ko\u015bcio\u0142em katolickim, w wierno\u015bci Ojcu \u015awi\u0119temu i biskupom. Pr\u00f3cz wierno\u015bci Ko\u015bcio\u0142owi i Jego hierarchii, osoby zainteresowane \u201eszko\u0142ami\u201d, musz\u0105 zaakceptowa\u0107 r\u00f3wnie\u017c wierno\u015b\u0107 zar\u00f3wno naszej duchowo\u015bci, jak i metodom jej praktykowania.<\/p>\n<p class=\"\\\">\u00a0\u00a0\u00a0\u00a0\u00a0\u00a0\u00a0\u00a0\u00a0\u00a0\u00a0\u00a0\u00a0\u00a0 Metody te sk\u0142adaj\u0105 si\u0119 z dw\u00f3ch etap\u00f3w. Pierwszy realizowany jest na spotkaniach grupy, a drugi na zewn\u0105trz. Na spotkaniach grupowych, kt\u00f3re w\u0142a\u015bciwie nazywaj\u0105 si\u0119 \u201eszko\u0142ami wdzi\u0119czno\u015bci\u201d, uczestnicy wsp\u00f3lnie omawiaj\u0105 efekty pracy z poprzedniego tygodnia i ustalaj\u0105 postanowienia na nast\u0119pny tydzie\u0144. Czyli nie najwa\u017cniejsze jest to, co robi si\u0119 podczas spotka\u0144, ale to, co robi si\u0119 poza nimi. Spotkanie jest zawsze momentem docelowym i punktem wyj\u015bcia. Przybywa si\u0119 z baga\u017cem do\u015bwiadcze\u0144 z poprzedniego tygodnia, a wyrusza si\u0119 po to, by pe\u0142ni\u0107 nowe dzie\u0142a mi\u0142o\u015bci, by krzewi\u0107 obecno\u015b\u0107 Pana po\u015br\u00f3d Jego uczni\u00f3w (Mt 18, 20). Dowodem na to, \u017ce Pan prawdziwie jest obecny na spotkaniu jest to, \u017ce jest ono przepe\u0142nione pociech\u0105 i \u015bwiat\u0142em Bo\u017cym, \u017ce wyzwala nowe si\u0142y i pragnienia, by kocha\u0107\u00a0 i sprawia\u0107, by mi\u0142owano Chrystusa. \u201ePraca\u201d tygodniowa polega na tym, by w ci\u0105gu tygodnia realizowa\u0107 trzy zadania, uzupe\u0142niaj\u0105ce si\u0119\u00a0 i wszystkie tak samo wa\u017cne. Pierwsze dotyczy \u017cycia duchowego (codziennej modlitwy, codziennej Eucharystii, kiedy tylko jest to mo\u017cliwe, cz\u0119stej spowiedzi). Drugie dotyczy formacji (podczas codziennej modlitwy, nie mo\u017ce zabrakn\u0105\u0107 czasu na rozwa\u017canie motyw\u00f3w do okazywania wdzi\u0119czno\u015bci Bogu, szczeg\u00f3lnie tych, zwi\u0105zanych z tematem formacyjnym danego miesi\u0105ca). Trzecie zadanie polega na praktykowaniu Ewangelii, wyra\u017caj\u0105c tym samym nasz\u0105 mi\u0142o\u015b\u0107 do Boga (polega na wprowadzaniu w \u017cycie postanowienia tygodniowego, kt\u00f3re zawiera si\u0119 w \u201es\u0142owie \u017cycia\u201d opartym na niedzielnej Ewangelii). Jak ju\u017c zosta\u0142o podkre\u015blone, poza tymi praktykami, kt\u00f3re ka\u017cdy cz\u0142onek \u201eszk\u00f3\u0142 wdzi\u0119czno\u015bci\u201d wprowadza w codzienne \u017cycie, a kt\u00f3re podsumowuje na cotygodniowych spotkaniach, zaprasza si\u0119 tak\u017ce wszystkich Franciszkan\u00f3w Maryi (a dla tych, kt\u00f3rzy ju\u017c z\u0142o\u017cyli przyrzeczenia zaproszenie przeradza si\u0119 w obowi\u0105zek) do praktykowania dzie\u0142 wolontariatu w s\u0142u\u017cbie potrzebuj\u0105cym, zawsze w zakresie w\u0142asnych mo\u017cliwo\u015bci.<\/p>\n<p class=\"\\\">\u00a0\u00a0\u00a0\u00a0\u00a0\u00a0\u00a0\u00a0\u00a0\u00a0\u00a0\u00a0\u00a0\u00a0\u00a0\u00a0\u00a0\u00a0 Wszyscy s\u0105 zaproszeni do \u201eszko\u0142y wdzi\u0119czno\u015bci\u201d, tak\u017ce ci, kt\u00f3rzy s\u0105 w innych ruchach w Ko\u015bciele, byle tylko uczestnictwo w wielu \u201educhowo\u015bciach\u201d ( wsp\u00f3lnotach ko\u015bcielnych ) nie rozdwaja\u0142o ich zaanga\u017cowania. Grup\u0119 mog\u0105 tworzy\u0107 osoby zam\u0119\u017cne i samotne, m\u0142ode i starsze. Dobrze by by\u0142o stara\u0107 si\u0119 o jak najwi\u0119ksze ujednolicenie grup, co do wieku lub sytuacji cywilnej. Na przyk\u0142ad tworzy\u0107 \u201eszko\u0142\u0119 wdzi\u0119czno\u015bci\u201d dla m\u0142odych, dla ma\u0142\u017ce\u0144stw, dla pa\u0144. W ten spos\u00f3b \u0142atwiej stworzy\u0107 g\u0142\u0119bsze relacje, gdy\u017c podobne sytuacje \u017cyciowe sprawiaj\u0105, \u017ce ludzie lepiej si\u0119 rozumiej\u0105.<\/p>\n<h2><u>TRZECI KROK: WZRASTA\u0106 W JEDNO\u015aCI<\/u><\/h2>\n<p class=\"\\\">\u00a0\u00a0\u00a0\u00a0\u00a0\u00a0\u00a0\u00a0\u00a0\u00a0\u00a0\u00a0\u00a0\u00a0\u00a0\u00a0\u00a0\u00a0\u00a0\u00a0\u00a0\u00a0 Skoro ju\u017c wiadomo, jak si\u0119 chce post\u0119powa\u0107 i skoro ju\u017c pojawili si\u0119 ludzie, kt\u00f3rzy te\u017c tak chc\u0105 \u017cy\u0107, trzeba dotrze\u0107 do \u017ar\u00f3d\u0142a tej\u017ce duchowo\u015bci. Jedno\u015b\u0107 ze \u017ar\u00f3d\u0142em jest niezb\u0119dna, aby wsp\u00f3lnie i w jednym duchu wzrasta\u0107, bez \u017cadnych niepotrzebnych odchyle\u0144. W przeciwnym razie mo\u017cna wpa\u015b\u0107 w pu\u0142apk\u0119 manipulowania konkretnym charyzmatem Ko\u015bcio\u0142a, nieprawnie przyw\u0142aszczaj\u0105c sobie nazw\u0119 i projekt. Nawet je\u015bli \u201eszko\u0142y wdzi\u0119czno\u015bci\u201d ciesz\u0105 si\u0119 wielkim wachlarzem autonomii, to praktyka tej\u017ce duchowo\u015bci zak\u0142ada, czynienie wszystkiego w jedno\u015bci; bo bez jedno\u015bci nie ma mi\u0142o\u015bci, a bez mi\u0142o\u015bci nie ma miejsca na \u017cadn\u0105 wdzi\u0119czno\u015b\u0107.<\/p>\n<p class=\"\\\">\u00a0\u00a0\u00a0\u00a0\u00a0\u00a0\u00a0\u00a0\u00a0\u00a0\u00a0\u00a0\u00a0\u00a0\u00a0\u00a0\u00a0\u00a0\u00a0\u00a0\u00a0\u00a0\u00a0\u00a0\u00a0 Aby zasi\u0119gn\u0105\u0107 jakichkolwiek informacji, mo\u017cna skontaktowa\u0107 si\u0119 przez poczt\u0119 internetow\u0105: <a href=\"http:\/\/frmaria.org\/%22http:\/\/www.frmaria.org\/%5C\/%22\">consultas@frmaria.org<\/a> ( maile tylko po hiszpa\u0144sku ) \u00a0lub z koordynatorem Franciszkan\u00f3w Maryi poszczeg\u00f3lnego pa\u0144stwa, czyli w Polsce z ks. Jaros\u0142awem Ka\u017amierczakiem ( xjarek@yahoo.pl )\u00a0\u00a0 &#8211; zobacz dzia\u0142 KONTAKT Z NAMI umieszczony na tej samej stronie internetowej.<\/p>\n<p class=\"\\\">\u00a0\u00a0\u00a0\u00a0\u00a0\u00a0\u00a0\u00a0\u00a0\u00a0\u00a0\u00a0\u00a0\u00a0\u00a0\u00a0\u00a0\u00a0\u00a0\u00a0\u00a0\u00a0\u00a0\u00a0\u00a0 Pragnieniem Franciszkan\u00f3w Maryi, jak ju\u017c zosta\u0142o podkre\u015blone, jest przepe\u0142nienie \u015bwiata osobami, kt\u00f3re prze\u017cywaj\u0105 autentycznie swoj\u0105 wi\u0119\u017a z Bogiem oraz z bli\u017animi w oparciu o postaw\u0119 wdzi\u0119czno\u015bci; osobami, kt\u00f3re nie tylko prosz\u0105 Boga, ale zbli\u017caj\u0105 si\u0119 do Niego tak\u017ce po to, by dzi\u0119kowa\u0107 Mu i oddawa\u0107 si\u0119 Jemu. Naszym pragnieniem jest nape\u0142ni\u0107 \u015bwiat takimi chrze\u015bcijanami, kt\u00f3re mie\u0107 b\u0119d\u0105 tak\u0105 relacj\u0119 z Chrystusem, \u017ce gdyby \u015bw. Franciszek ponownie mia\u0142by wizj\u0119, radowa\u0142by si\u0119, a nie p\u0142aka\u0142, m\u00f3wi\u0105c: \u201eMi\u0142o\u015b\u0107 jest mi\u0142owana\u201d. Chcemy kocha\u0107 Mi\u0142o\u015b\u0107 i sprawia\u0107, by Go kochano. Dlatego nazywamy si\u0119 \u201emisjonarzami wdzi\u0119czno\u015bci\u201d. Ale nie by\u0142oby to mo\u017cliwe bez jedno\u015bci \u2013 z hierarchi\u0105 Ko\u015bcio\u0142a i pomi\u0119dzy nami. Koniecznym warunkiem ewangelizacji jest dzia\u0142anie Bo\u017ce, bo to On dotyka serc ludzkich i rozpala w nich ogie\u0144 Swej mi\u0142o\u015bci. Sam powiedzia\u0142 w modlitwie skierowanej ku Ojcu, kr\u00f3tko przed swoj\u0105 \u015bmierci\u0105: \u201e <em>aby i oni stanowili w Nas jedno, aby \u015bwiat uwierzy\u0142 <\/em>(J 17,21). Bez jedno\u015bci nie ma skuteczno\u015bci w apostolstwie i wszelka misja skazana jest na rozbicie.<\/p>\n","protected":false},"excerpt":{"rendered":"<p>KROK PIERWSZY: ZNA\u0106 I \u017bY\u0106 DUCHOWO\u015aCI\u0104 \u00a0\u00a0\u00a0\u00a0\u00a0 Aby stworzy\u0107 \u201eszko\u0142\u0119 wdzi\u0119czno\u015bci\u201d konieczne jest, aby ten, kto j\u0105 tworzy pozna\u0142 najpierw duchowo\u015b\u0107 Franciszkan\u00f3w Maryi oraz stara\u0142 si\u0119 j\u0105 praktykowa\u0107. Tak\u017ce powinien zna\u0107, przynajmniej teoretycznie, wszelkie metody funkcjonowania takich szk\u00f3\u0142. Duchowo\u015b\u0107 wdzi\u0119czno\u015bci<span class=\"ellipsis\">&hellip;<\/span><\/p>\n<div class=\"read-more\"><a href=\"https:\/\/franciscanosdemaria.org\/pl\/jak-funkcjonuja-szkoly-wdziecznosci\/\">Leer m\u00e1s \u203a<\/a><\/div>\n<p><!-- end of .read-more --><\/p>\n","protected":false},"author":1,"featured_media":0,"parent":0,"menu_order":0,"comment_status":"closed","ping_status":"open","template":"","meta":[],"_links":{"self":[{"href":"https:\/\/franciscanosdemaria.org\/pl\/wp-json\/wp\/v2\/pages\/398"}],"collection":[{"href":"https:\/\/franciscanosdemaria.org\/pl\/wp-json\/wp\/v2\/pages"}],"about":[{"href":"https:\/\/franciscanosdemaria.org\/pl\/wp-json\/wp\/v2\/types\/page"}],"author":[{"embeddable":true,"href":"https:\/\/franciscanosdemaria.org\/pl\/wp-json\/wp\/v2\/users\/1"}],"replies":[{"embeddable":true,"href":"https:\/\/franciscanosdemaria.org\/pl\/wp-json\/wp\/v2\/comments?post=398"}],"version-history":[{"count":1,"href":"https:\/\/franciscanosdemaria.org\/pl\/wp-json\/wp\/v2\/pages\/398\/revisions"}],"predecessor-version":[{"id":483,"href":"https:\/\/franciscanosdemaria.org\/pl\/wp-json\/wp\/v2\/pages\/398\/revisions\/483"}],"wp:attachment":[{"href":"https:\/\/franciscanosdemaria.org\/pl\/wp-json\/wp\/v2\/media?parent=398"}],"curies":[{"name":"wp","href":"https:\/\/api.w.org\/{rel}","templated":true}]}}