{"id":342,"date":"2015-10-15T16:57:58","date_gmt":"2015-10-15T16:57:58","guid":{"rendered":"http:\/\/franciscanosdemaria.org\/?page_id=342"},"modified":"2017-07-03T20:27:19","modified_gmt":"2017-07-03T20:27:19","slug":"obra-social","status":"publish","type":"page","link":"https:\/\/franciscanosdemaria.org\/es\/obra-social\/","title":{"rendered":"Obra Social"},"content":{"rendered":"<p>Si para los Franciscanos de Mar\u00eda su vocaci\u00f3n consiste en amar y hacer amar a Jes\u00fas como le am\u00f3 su Madre, esta vocaci\u00f3n no puede ser cumplida sin una debida atenci\u00f3n a las personas necesitadas, en las cuales est\u00e1 presente Cristo Crucificado. Al Se\u00f1or en la Cruz no le falt\u00f3 la presencia consoladora de la Sant\u00edsima Virgen y por eso no queremos que los crucificados que viven hoy en la tierra les falte el auxilio de Mar\u00eda, aportado tambi\u00e9n, humildemente, a trav\u00e9s nuestro.<\/p>\n<p>La primera obra social que llevamos a cabo los Franciscanos de Mar\u00eda es la aplicaci\u00f3n pr\u00e1ctica del Evangelio en la vida cotidiana. Cumplir con nuestras obligaciones familiares y profesionales es ya el primero y m\u00e1s importante acto de caridad hacia el pr\u00f3jimo que debemos hacer. Para ello, la pr\u00e1ctica de los \u201cprop\u00f3sitos semanales\u201d se ha convertido en un excelente m\u00e9todo de direcci\u00f3n espiritual aplicada al d\u00eda a d\u00eda, que nos ayuda tanto a crecer en santidad como a servir al pr\u00f3jimo.<\/p>\n<p>Adem\u00e1s, desde el primer momento de nuestra existencia, ha sido una constante en los franciscanos de Mar\u00eda la colaboraci\u00f3n como voluntarios en obras sociales de distintos tipos, p\u00fablicas o privadas (hospitales, c\u00e1rceles, orfanatos, asilos de ancianos, organizaciones para la defensa de la vida\u2026.). Seg\u00fan consta en nuestros Estatutos aprobados por la Iglesia, los laicos consagrados asumen la obligaci\u00f3n de hacer alg\u00fan tipo de voluntariado, siempre seg\u00fan sus posibilidades de tiempo, adem\u00e1s de dedicar una parte de su dinero a este tipo de actividades.<\/p>\n<p>Desde hace varios a\u00f1os, adem\u00e1s, los Franciscanos de Mar\u00eda hemos asumido la gesti\u00f3n y direcci\u00f3n del Hospital Cat\u00f3lico SM, en Santa Cruz de Bolivia, perteneciente a la Archidi\u00f3cesis de esa ciudad. Es una empresa compleja, que supone un gran esfuerzo personal y econ\u00f3mico, y que llevan a cabo los franciscanos de Mar\u00eda de ese pa\u00eds, a cuyo frente est\u00e1 el ingeniero V\u00edctor Hugo Valda, un laico consagrado de nuestra asociaci\u00f3n. Los Franciscanos de Mar\u00eda de distintos pa\u00edses colaboramos econ\u00f3micamente con el sostenimiento de dicho centro hospitalario, puesto que s\u00f3lo el recambio de alguno de los instrumentos cl\u00ednicos (m\u00e1quinas de Rayos X, Laparoscopia, instrumental odontol\u00f3gico o ginecol\u00f3gico\u2026.) que de vez en cuando hay que reponer o comprar porque no hab\u00eda, implica decenas de miles de d\u00f3lares. La web de dicho hospital es: <a href=\"http:\/\/www.hospitalcatolico.org\">www.hospitalcatolico.org<\/a> y en Facebook est\u00e1 en: <a href=\"https:\/\/www.facebook.com\/HospitalCatolico\">https:\/\/www.facebook.com\/HospitalCatolico<\/a><\/p>\n<p>Todo esto lo hacemos no porque seamos una ONG, ni siquiera una ONG cat\u00f3lica, sino porque somos una instituci\u00f3n religiosa que no puede pretender servir al Dios al que no ve si no sirve al pr\u00f3jimo al que s\u00ed ve y en el cual est\u00e1 Dios. Es nuestro amor a Dios el que nos lleva a servir a nuestros hermanos.<\/p>\n","protected":false},"excerpt":{"rendered":"<p>Si para los Franciscanos de Mar\u00eda su vocaci\u00f3n consiste en amar y hacer amar a Jes\u00fas como le am\u00f3 su Madre, esta vocaci\u00f3n no puede ser cumplida sin una debida atenci\u00f3n a las personas necesitadas, en las cuales est\u00e1 presente<span class=\"ellipsis\">&hellip;<\/span><\/p>\n<div class=\"read-more\"><a href=\"https:\/\/franciscanosdemaria.org\/es\/obra-social\/\">Leer m\u00e1s \u203a<\/a><\/div>\n<p><!-- end of .read-more --><\/p>\n","protected":false},"author":1,"featured_media":0,"parent":0,"menu_order":0,"comment_status":"closed","ping_status":"open","template":"","meta":[],"_links":{"self":[{"href":"https:\/\/franciscanosdemaria.org\/pt\/wp-json\/wp\/v2\/pages\/342"}],"collection":[{"href":"https:\/\/franciscanosdemaria.org\/pt\/wp-json\/wp\/v2\/pages"}],"about":[{"href":"https:\/\/franciscanosdemaria.org\/pt\/wp-json\/wp\/v2\/types\/page"}],"author":[{"embeddable":true,"href":"https:\/\/franciscanosdemaria.org\/pt\/wp-json\/wp\/v2\/users\/1"}],"replies":[{"embeddable":true,"href":"https:\/\/franciscanosdemaria.org\/pt\/wp-json\/wp\/v2\/comments?post=342"}],"version-history":[{"count":0,"href":"https:\/\/franciscanosdemaria.org\/pt\/wp-json\/wp\/v2\/pages\/342\/revisions"}],"wp:attachment":[{"href":"https:\/\/franciscanosdemaria.org\/pt\/wp-json\/wp\/v2\/media?parent=342"}],"curies":[{"name":"wp","href":"https:\/\/api.w.org\/{rel}","templated":true}]}}