{"id":397,"date":"2015-12-01T11:22:20","date_gmt":"2015-12-01T11:22:20","guid":{"rendered":"http:\/\/franciscanosdemaria.org\/es\/?page_id=397"},"modified":"2017-06-26T21:42:18","modified_gmt":"2017-06-26T21:42:18","slug":"como-uma-escola-de-gracas","status":"publish","type":"page","link":"https:\/\/franciscanosdemaria.org\/pt\/como-uma-escola-de-gracas\/","title":{"rendered":"Como criar uma escola de agradecimiento"},"content":{"rendered":"<p class=\"\\\"><span lang=\"\\\"><span style=\"font-family: ';\">Primeiro passo: Conhecer e viver a \u201cespiritualidade\u201d<\/span><\/span><\/p>\n<p class=\"\\\"><span lang=\"\\\"><span style=\"font-family: ';\">\u00a0\u00a0\u00a0\u00a0\u00a0 Para colocar em pr\u00e1tica uma \u201cEscola de Agradecimento\u201d, \u00e9 necess\u00e1rio, para quem tomar a iniciativa, conhecer primeiro a espiritualidade dos Franciscanos de Maria e estar decidido a pratic\u00e1-la. Tamb\u00e9m deve conhecer, ao menos teoricamente, o m\u00e9todo de funcionamento da Escola.<\/span><\/span><\/p>\n<p class=\"\\\"><span lang=\"\\\"><span style=\"font-family: ';\">\u00a0\u00a0\u00a0\u00a0\u00a0 Como j\u00e1 foi dito, a espiritualidade do agradecimento, \u00e9 uma espiritualidade que possui muitas facetas, mas, pode ser resumida numa palavra e dois personagens como modelos para se viver essa \u201cpalavra\u201d. A palavra \u00e9 GRATID\u00c3O e os personagens s\u00e3o: A SANT\u00ccSSIMA VIRGEM MARIA e S\u00c3O FRANCISCO DE ASSIS.<\/span><\/span><\/p>\n<p class=\"\\\"><span lang=\"\\\"><span style=\"font-family: ';\">\u00a0\u00a0\u00a0\u00a0\u00a0 O agradecimento \u00e9 uma virtude humana que todos dever\u00edamos praticar para sermos verdadeiros seres humanos maduros.\u00a0 Esta perspectiva, meramente humana, pratica-se voltada para muitos: os pais que nos deram a vida; todos os que nos d\u00e3o ou nos deram, em algum momento, apoio e afeto; os que nos ajudaram nas quest\u00f5es econ\u00f4micas ou no trabalho; os que contribu\u00edram para a nossa forma\u00e7\u00e3o, etc. Mas, sobretudo, o agradecimento \u00e9 uma virtude que tem uma profunda raiz crist\u00e3, pois n\u00e3o foi em v\u00e3o que Cristo desejou que a sua liturgia, seu modo perfeito de relacionar Deus com os homens, fosse uma \u201ca\u00e7\u00e3o de Gra\u00e7as\u201d, \u201cuma Eucaristia\u201d. Viver o agradecimento a partir de uma perspectiva religiosa,significa vive-la desde uma perspectiva humana, e acrescentar a dimens\u00e3o espiritual, o que significa, incluir nos motivos de agradecimento, a d\u00edvida de amor que temos para com Deus e, dar \u00e0 gratid\u00e3o,\u00a0 o car\u00e1ter de \u201cdever\u201d, tanto quando se aplica a Deus, como quando se aplica aos homens. O crist\u00e3o tem consci\u00eancia do infinito amor que Deus lhe tem, e sabe do amor seu para com o seu Senhor, um dever de gratid\u00e3o. Sabe, tamb\u00e9m, que essa gratid\u00e3o \u00e9 uma obriga\u00e7\u00e3o para com o pr\u00f3ximo \u2013 fam\u00edlia, amigos e todos os que fizeram algo por ele de alguma maneira.<\/span><\/span><\/p>\n<p class=\"\\\"><span lang=\"\\\"><span style=\"font-family: ';\">\u00a0\u00a0\u00a0\u00a0\u00a0\u00a0\u00a0 A \u201cEscola de Agradecimento\u201d vai tentar despertar no \u201caluno\u201d que recorre a ela, a consci\u00eancia dessa d\u00edvida e de seus deveres. Tratar-se-\u00e1, pois, de ter consci\u00eancia de que Deus nos ama e que h\u00e1 muitas coisas na vida que est\u00e3o indo bem para muitos por mais que haja outras coisas que est\u00e3o indo mal.<\/span><\/span><\/p>\n<p class=\"\\\"><span lang=\"\\\"><span style=\"font-family: ';\">\u00a0\u00a0\u00a0\u00a0\u00a0\u00a0 Participa-se da \u201cEscola de Agradecimento\u201d para aprender a agradecer a Deus e ao pr\u00f3ximo e para isso, tem que se descobrir quais s\u00e3o os motivos de agradecimento.<\/span><\/span><\/p>\n<p class=\"\\\"><span lang=\"\\\"><span style=\"font-family: ';\">\u00a0\u00a0\u00a0\u00a0 \u00a0\u00a0Se esta \u00e9 a espiritualidade, os dois modelos que tem os \u201cFranciscanos de Maria\u201d para tentar vive-la s\u00e3o: A Sant\u00edssima Virgem e S\u00e3o Francisco de Assis.<\/span><\/span><\/p>\n<p class=\"\\\"><span lang=\"\\\"><span style=\"font-family: ';\">\u00a0\u00a0\u00a0\u00a0\u00a0\u00a0 Foi a S\u00e3o Francisco que o Senhor revelou sua dor porque os homens n\u00e3o o amavam e s\u00f3 se dirigiam a Ele para pedir. As palavras do santo de Assis: \u201cO Amor n\u00e3o \u00e9 amado\u201d, \u00e9 uma express\u00e3o de dor que sentem os verdadeiros crist\u00e3os, quando compreendem que o Senhor sofre ao n\u00e3o encontrar nos homens o amor rec\u00edproco ao qual tem direito. Fazer amar o Amor, fazer amar a Cristo que \u00e9 o amor, \u00e9 cada um come\u00e7ar a am\u00e1-Lo<em>,<\/em> \u00e9 o objetivo\u00a0\u00a0 dos \u201cmission\u00e1rios do agradecimento\u201d, e como j\u00e1 foi dito, tem em S\u00e3o Francisco , um modelo hist\u00f3rico de primeira grandeza. Quanto \u00e0 Sant\u00edssima Virgem, ela, mais que ningu\u00e9m, viveu esta espiritualidade, pois, em seu cora\u00e7\u00e3o pur\u00edssimo, n\u00e3o cabia outra motiva\u00e7\u00e3o para amar o seu Divino Filho, sen\u00e3o a gratid\u00e3o. Se ningu\u00e9m ama a um filho como o pai ou a m\u00e3e, ningu\u00e9m melhor do que Maria pode nos ensinar a amar a Jesus. Nela n\u00e3o havia nenhuma sombra de ego\u00edsmo ou medo, para relacionar-se com Jesus. Maria, n\u00e3o fazia nada por desejo de ganhar o c\u00e9u ou por temor do inferno, mas, naturalmente, seu desejo era estar a vida inteira no para\u00edso. Mas, al\u00e9m do leg\u00edtimo interesse de salvar-se, o que primava no Cora\u00e7\u00e3o Imaculado de Maria, era a gratid\u00e3o para com Deus. Toda a sua vida, podemos afirmar, foi uma verdadeira \u201cEucaristia\u201d, uma a\u00e7\u00e3o de gra\u00e7as.<\/span><\/span><\/p>\n<p class=\"\\\"><span lang=\"\\\"><span style=\"font-family: ';\">\u00a0\u00a0\u00a0\u00a0\u00a0\u00a0\u00a0 \u00c9 importante esclarecer desde o princ\u00edpio que tanto a Sant\u00edssima Virgem Maria quanto S\u00e3o Francisco de Assis, s\u00e3o dois personagens cem por cento cat\u00f3licos e ambos nos levam portanto, \u00e0 fidelidade plena \u00e0 Igreja cat\u00f3lica, ao Vig\u00e1rio de Cristo na terra e aos Bispos diocesanos, sucessores dos Ap\u00f3stolos. Nenhuma sombra de d\u00favida pode recair sobre esse aspecto, tanto naquele que dirige um grupo quanto dos que participam do mesmo.<\/span><\/span><\/p>\n<p class=\"\\\"><span lang=\"\\\"><span style=\"font-family: ';\">\u00a0\u00a0\u00a0\u00a0\u00a0\u00a0\u00a0\u00a0 Segundo passo: REUNIR AS PESSOAS CERTAS.<\/span><\/span><\/p>\n<p class=\"\\\"><span lang=\"\\\"><span style=\"font-family: ';\">\u00a0\u00a0\u00a0\u00a0\u00a0\u00a0 Sabendo j\u00e1, o que se busca ao procurar uma \u201cEscola de agradecimento\u201d, e para iniciar o funcionamento de um desses grupos, \u00e9 preciso levar a cabo um trabalho de apostolado, mediante o qual se oferecer\u00e1 \u00e0queles grupos que criamos, e que pode interessa-los, aprofundar-se nessa experi\u00eancia humana e religiosa. \u00c9 muito importante deixar claro desde o princ\u00edpio, o que se afirmava ao final do cap\u00edtulo anterior: \u00e9 um grupo cat\u00f3lico que quer estar sempre em sintonia com a Igreja Cat\u00f3lica, fiel ao Papa e aos Bispos. As pessoas convidadas para a \u201cEscola\u201d devem aceitar tamb\u00e9m a fidelidade n\u00e3o s\u00f3 \u00e0 espiritualidade, mas tamb\u00e9m ao m\u00e9todo: tema de espiritualidade mensal para a medita\u00e7\u00e3o, palavra de vida semanal, para a pr\u00e1tica cotidiana, troca de experi\u00eancias, voluntariado social, sempre que for poss\u00edvel.<\/span><\/span><\/p>\n<p class=\"\\\"><span lang=\"\\\"><span style=\"font-family: ';\">\u00a0\u00a0\u00a0\u00a0\u00a0\u00a0 Todos podem ser convidados, dando prefer\u00eancia aos que n\u00e3o participam de outros movimentos de espiritualidade na Igreja, para n\u00e3o provocar confus\u00e3o. O grupo pode constituir-se de pessoas casadas e solteiras, jovens ou idosos. Seria interessante buscar uma maior homogeneidade poss\u00edvel: idades parecidas ou situa\u00e7\u00f5es civis semelhantes, por exemplo: uma \u201cEscola de Agradecimento\u201d de jovens ou de casados ou de mulheres. Deste modo, podem se aprofundar mais na comunica\u00e7\u00e3o, pois a semelhan\u00e7a das situa\u00e7\u00f5es ajuda para que a compreens\u00e3o entre os membros da \u201cescola\u201d, seja maior.<\/span><\/span><\/p>\n<p class=\"\\\"><span lang=\"\\\"><span style=\"font-family: ';\">\u00a0\u00a0\u00a0\u00a0\u00a0\u00a0\u00a0\u00a0 Terceiro passo: CRESCER NA UNIDADE.<\/span><\/span><\/p>\n<p class=\"\\\"><span lang=\"\\\"><span style=\"font-family: ';\">\u00a0\u00a0\u00a0\u00a0\u00a0\u00a0 Sabendo j\u00e1 o que se quer fazer e contando com algu\u00e9m para faze-lo, para continuar, \u00e9 preciso comunicar-se com a fonte, onde surgiu essa espiritualidade. A aprova\u00e7\u00e3o dos \u201cFranciscanos de Maria\u201d foi concedida pelo Cardeal Angel Suqu\u00eda, em Madri em l993. O fundador \u00e9 um sacerdote espanhol, o padre Santiago Martin. Ele coordena o desenvolvimento do movimento, em todo o mundo e para a Am\u00e9rica Latina, conta com a ajuda de um delegado, D. Francisco Games da Guatemala. Em cada pa\u00eds h\u00e1 um respons\u00e1vel e o mesmo acontece em cada cidade dentro do pa\u00eds no qual existe uma \u201cEscola de agradecimento\u201d. A uni\u00e3o com a sede \u00e9 imprescind\u00edvel para crescer de forma coerente reta, sem desvios. Caso contr\u00e1rio, pode-se cair na manipula\u00e7\u00e3o de um carisma eclesial, apropriando-se de um nome ou de um projeto.<\/span><\/span><\/p>\n<p class=\"\\\"><span lang=\"\\\"><span style=\"font-family: ';\">\u00a0\u00a0\u00a0\u00a0\u00a0\u00a0 Para obter informa\u00e7\u00e3o sobre qualquer requisito pode-se recorrer ao correio eletr\u00f4nico:<\/span><\/span><\/p>\n<p class=\"\\\"><span lang=\"\\\"><span style=\"font-family: ';\">\u00a0<\/span><\/span><a href=\"http:\/\/frmaria.org\/%22mailto:consultas@frmaria.org\/%22\"><strong>consultas@frmaria.org<\/strong><\/a><\/p>\n<p class=\"\\\"><span lang=\"\\\"><span style=\"font-family: ';\">\u00a0\u00a0\u00a0\u00a0\u00a0\u00a0 Sempre em uni\u00e3o com a sede<em>, <\/em>o grupo, uma vez estabelecido e aprovado pela Sede Central, dever\u00e1 seguir os passos para apresentar-se \u00e0 hierarquia diocesana local. No caso em que na diocese j\u00e1 exista um grupo estabelecido, ser\u00e1 necess\u00e1rio entrar em contato com o respons\u00e1vel da cidade ou do pa\u00eds, para estar em comunh\u00e3o com ele, ainda que, as \u201cEscolas de Agradecimento\u201d gozem de um alto grau de autonomia. A pr\u00e1tica desta espiritualidade sup\u00f5e que seja em uni\u00e3o, pois, sem esta uni\u00e3o n\u00e3o h\u00e1 amor e sem amor, n\u00e3o cabe nenhum agradecimento.<\/span><\/span><\/p>\n<p class=\"\\\"><span lang=\"\\\"><span style=\"font-family: ';\">\u00a0\u00a0\u00a0\u00a0\u00a0\u00a0 O desejo dos \u201cFranciscanos de Maria\u201d como j\u00e1 foi dito, \u00e9 encher o mundo de pessoas que vivam uma rela\u00e7\u00e3o com Deus e com o pr\u00f3ximo, baseada na gratid\u00e3o. Pessoas que, al\u00e9m de aproximarem-se do Senhor para pedir-lhe ajuda, tamb\u00e9m se aproximem para dar-Lhe gra\u00e7as e oferecer-se a Ele. Nosso sonho \u00e9 encher o mundo de crist\u00e3os para que vivam uma rela\u00e7\u00e3o\u00a0 com Deus tal que, se S\u00e3o Francisco voltasse a ter a vis\u00e3o que teve outrora, sairia desta vis\u00e3o sorrindo e n\u00e3o chorando e diria: \u201dSIM, O AMOR SIM, \u00c9 AMADO!\u201d Queremos amar o Amor e faze-lo amado. Por isso somos chamados de \u201cMission\u00e1rios do agradecimento. Por\u00e9m, nada disso ser\u00e1 poss\u00edvel sem uni\u00e3o, pois, a evangeliza\u00e7\u00e3o tem como requisito imprescind\u00edvel a a\u00e7\u00e3o de Deus, j\u00e1 que \u00e9 Ele quem toca os cora\u00e7\u00f5es dos homens e acende neles a chama do seu amor. Foi Ele quem disse naquela ora\u00e7\u00e3o ao Pai, pronunciada como testamento, pouco antes de morrer: \u201cPai, que todos sejam um, para que o mundo acredite\u201d. Sem uni\u00e3o \u2013entre n\u00f3s e a Igreja-, n\u00e3o h\u00e1 efic\u00e1cia apost\u00f3lica poss\u00edvel e nossa miss\u00e3o estar\u00e1 condenada ao fracasso.<\/span><\/span><\/p>\n<p class=\"\\\"><span style=\"font-family: ';\"><em><span lang=\"\\\">\u00a0\u00a0\u00a0\u00a0\u00a0\u00a0\u00a0\u00a0\u00a0\u00a0\u00a0\u00a0\u00a0\u00a0\u00a0\u00a0\u00a0\u00a0\u00a0\u00a0\u00a0\u00a0\u00a0\u00a0\u00a0\u00a0\u00a0\u00a0\u00a0\u00a0\u00a0\u00a0\u00a0\u00a0\u00a0\u00a0\u00a0\u00a0\u00a0\u00a0\u00a0\u00a0<\/span><\/em><\/span><\/p>\n","protected":false},"excerpt":{"rendered":"<p>Primeiro passo: Conhecer e viver a \u201cespiritualidade\u201d \u00a0\u00a0\u00a0\u00a0\u00a0 Para colocar em pr\u00e1tica uma \u201cEscola de Agradecimento\u201d, \u00e9 necess\u00e1rio, para quem tomar a iniciativa, conhecer primeiro a espiritualidade dos Franciscanos de Maria e estar decidido a pratic\u00e1-la. Tamb\u00e9m deve conhecer, ao<span class=\"ellipsis\">&hellip;<\/span><\/p>\n<div class=\"read-more\"><a href=\"https:\/\/franciscanosdemaria.org\/pt\/como-uma-escola-de-gracas\/\">Leer m\u00e1s \u203a<\/a><\/div>\n<p><!-- end of .read-more --><\/p>\n","protected":false},"author":1,"featured_media":0,"parent":0,"menu_order":0,"comment_status":"closed","ping_status":"open","template":"","meta":[],"_links":{"self":[{"href":"https:\/\/franciscanosdemaria.org\/pt\/wp-json\/wp\/v2\/pages\/397"}],"collection":[{"href":"https:\/\/franciscanosdemaria.org\/pt\/wp-json\/wp\/v2\/pages"}],"about":[{"href":"https:\/\/franciscanosdemaria.org\/pt\/wp-json\/wp\/v2\/types\/page"}],"author":[{"embeddable":true,"href":"https:\/\/franciscanosdemaria.org\/pt\/wp-json\/wp\/v2\/users\/1"}],"replies":[{"embeddable":true,"href":"https:\/\/franciscanosdemaria.org\/pt\/wp-json\/wp\/v2\/comments?post=397"}],"version-history":[{"count":3,"href":"https:\/\/franciscanosdemaria.org\/pt\/wp-json\/wp\/v2\/pages\/397\/revisions"}],"predecessor-version":[{"id":481,"href":"https:\/\/franciscanosdemaria.org\/pt\/wp-json\/wp\/v2\/pages\/397\/revisions\/481"}],"wp:attachment":[{"href":"https:\/\/franciscanosdemaria.org\/pt\/wp-json\/wp\/v2\/media?parent=397"}],"curies":[{"name":"wp","href":"https:\/\/api.w.org\/{rel}","templated":true}]}}